{"id":48958,"date":"2025-08-11T13:47:33","date_gmt":"2025-08-11T13:47:33","guid":{"rendered":"http:\/\/radiato.cluster027.hosting.ovh.net\/?page_id=48958"},"modified":"2025-12-10T14:22:11","modified_gmt":"2025-12-10T14:22:11","slug":"catalogue-2025","status":"publish","type":"page","link":"https:\/\/radiatherm.be\/nl\/catalogue-2025\/","title":{"rendered":"Catalogus 2025"},"content":{"rendered":"<div class=\"gbp-section gb-element-44343b5f\">\n<div class=\"wp-block-columns is-layout-flex wp-container-core-columns-is-layout-9d6595d7 wp-block-columns-is-layout-flex\">\n<div class=\"wp-block-column is-layout-flow wp-block-column-is-layout-flow\" style=\"flex-basis:100%\">\n<div class=\"gbp-section__inner gb-element-37704be0\">\n<div class=\"gb-element-033836ce\">\n<h1 class=\"gb-text gbp-section__headline gb-text-406ee995\">Radiatherm catalogus<\/h1>\n\n\n\n<h2 class=\"wp-block-heading has-accent-color has-text-color has-link-color wp-elements-788a284fb61b895c7fc4b6c26bd86f6d\">Laat u inspireren door onze verwarmingsoplossingen<\/h2>\n\n\n\n<p class=\"gb-text gbp-section__text gb-text-5c2fbe5f translation-block\">Ontdek de nieuwe Radiatherm-catalogus, die u begeleidt bij het kiezen van de ideale radiator. U vindt er ons volledige assortiment: designmodellen, badkameroplossingen, elektrische radiatoren en praktische accessoires.<\/p>\n\n\n\n<p><\/p>\n\n\n\n<p class=\"has-accent-color has-text-color has-link-color wp-elements-1aedc8ff2ede59370df56f07bcf0832b\">Helder, volledig en inspirerend: deze catalogus toont onze innovaties, afwerkingen en adviezen om een comfort op maat te cre\u00ebren in elke ruimte.<\/p>\n\n\n\n<div class=\"gbp-section__inner gb-element-606bad8a\">\n<div>\n<div class=\"gb-element-6a03abad\">\n<a class=\"gb-text gb-text-654fc4bf\" href=\"https:\/\/radiatherm.be\/wp-content\/uploads\/2025\/12\/catalogue-farko-site.pdf\">Download<\/a>\n<\/div>\n<\/div>\n<\/div>\n<\/div>\n\n\n\n<div>\n<img loading=\"lazy\" decoding=\"async\" width=\"848\" height=\"1200\" class=\"gb-media-b33b78c8\" alt=\"\" src=\"http:\/\/radiato.cluster027.hosting.ovh.net\/wp-content\/uploads\/2025\/09\/2-catalogue-download.jpg\" title=\"2-catalogue-download\" srcset=\"https:\/\/radiatherm.be\/wp-content\/uploads\/2025\/09\/2-catalogue-download.jpg 848w, https:\/\/radiatherm.be\/wp-content\/uploads\/2025\/09\/2-catalogue-download-212x300.jpg 212w, https:\/\/radiatherm.be\/wp-content\/uploads\/2025\/09\/2-catalogue-download-724x1024.jpg 724w, https:\/\/radiatherm.be\/wp-content\/uploads\/2025\/09\/2-catalogue-download-768x1087.jpg 768w\" sizes=\"auto, (max-width: 848px) 100vw, 848px\" \/>\n<\/div>\n<\/div>\n<\/div>\n<\/div>\n<\/div>\n\n\n\n<p><\/p>","protected":false},"excerpt":{"rendered":"<p>Catalogue Radiatherm Inspirez-vous de nos solutions de chauffage D\u00e9couvrez le nouveau catalogue Radiatherm, pens\u00e9 pour vous guider dans le choix du radiateur id\u00e9al. Vous y retrouverez l\u2019ensemble de notre gamme : mod\u00e8les design, solutions pour salles de bains, radiateurs \u00e9lectriques et accessoires pratiques. Clair, complet et inspirant, ce catalogue met en avant nos innovations, nos &#8230; <a title=\"Catalogus 2025\" class=\"read-more\" href=\"https:\/\/radiatherm.be\/nl\/catalogue-2025\/\" aria-label=\"Lees meer over Catalogue 2025\">Read more<\/a><\/p>","protected":false},"author":1,"featured_media":0,"parent":0,"menu_order":0,"comment_status":"closed","ping_status":"closed","template":"","meta":{"footnotes":""},"class_list":["post-48958","page","type-page","status-publish"],"_links":{"self":[{"href":"https:\/\/radiatherm.be\/nl\/wp-json\/wp\/v2\/pages\/48958","targetHints":{"allow":["GET"]}}],"collection":[{"href":"https:\/\/radiatherm.be\/nl\/wp-json\/wp\/v2\/pages"}],"about":[{"href":"https:\/\/radiatherm.be\/nl\/wp-json\/wp\/v2\/types\/page"}],"author":[{"embeddable":true,"href":"https:\/\/radiatherm.be\/nl\/wp-json\/wp\/v2\/users\/1"}],"replies":[{"embeddable":true,"href":"https:\/\/radiatherm.be\/nl\/wp-json\/wp\/v2\/comments?post=48958"}],"version-history":[{"count":17,"href":"https:\/\/radiatherm.be\/nl\/wp-json\/wp\/v2\/pages\/48958\/revisions"}],"predecessor-version":[{"id":49660,"href":"https:\/\/radiatherm.be\/nl\/wp-json\/wp\/v2\/pages\/48958\/revisions\/49660"}],"wp:attachment":[{"href":"https:\/\/radiatherm.be\/nl\/wp-json\/wp\/v2\/media?parent=48958"}],"curies":[{"name":"wp","href":"https:\/\/api.w.org\/{rel}","templated":true}]}}