{"id":48948,"date":"2025-08-11T13:14:19","date_gmt":"2025-08-11T13:14:19","guid":{"rendered":"http:\/\/radiato.cluster027.hosting.ovh.net\/?page_id=48948"},"modified":"2025-12-10T14:25:35","modified_gmt":"2025-12-10T14:25:35","slug":"accessoires","status":"publish","type":"page","link":"https:\/\/radiatherm.be\/nl\/home\/accessoires\/","title":{"rendered":"Montagekit"},"content":{"rendered":"<div class=\"gbp-section gb-element-48d20f20\">\n<div class=\"gbp-section__inner gb-element-5644b076\">\n<div class=\"gb-element-b775de7b\">\n<h1 class=\"gb-text gbp-section__headline gb-text-feaee05f\">Radiatherm montagekits <\/h1>\n\n\n\n<h2 class=\"wp-block-heading has-accent-color has-text-color has-link-color wp-elements-55dd95510c0389d39bea731269816999\">Eenvoud en betrouwbaarheid<\/h2>\n\n\n\n<p class=\"gb-text gbp-section__text gb-text-30f6f08e translation-block\">Radiatherm montagekits zijn ontworpen om een \u200b\u200bsnelle, veilige en esthetisch aantrekkelijke installatie van onze radiatoren te garanderen. Elke kit bevat alle benodigde componenten (muurbevestigingen, pluggen, schroeven en bijpassende accessoires) voor een stabiele en discrete installatie.<\/p>\n\n\n\n<p><\/p>\n\n\n\n<p class=\"has-accent-color has-text-color has-link-color wp-elements-e18ac23a3dc2dae5db46183d8e7dd1a9 translation-block\">Helder, volledig en inspirerend: deze catalogus toont onze innovaties, afwerkingen en adviezen om een comfort op maat te cre\u00ebren in elke ruimte.<\/p>\n\n\n\n<div class=\"gbp-section__inner gb-element-cb2759b8\">\n<img loading=\"lazy\" decoding=\"async\" width=\"212\" height=\"300\" class=\"gb-media-dd6a92b8\" src=\"http:\/\/radiato.cluster027.hosting.ovh.net\/wp-content\/uploads\/2025\/09\/2-catalogue-download-212x300.jpg\" title=\"2-catalogue-download\" alt=\"\" srcset=\"https:\/\/radiatherm.be\/wp-content\/uploads\/2025\/09\/2-catalogue-download-212x300.jpg 212w, https:\/\/radiatherm.be\/wp-content\/uploads\/2025\/09\/2-catalogue-download-724x1024.jpg 724w, https:\/\/radiatherm.be\/wp-content\/uploads\/2025\/09\/2-catalogue-download-768x1087.jpg 768w, https:\/\/radiatherm.be\/wp-content\/uploads\/2025\/09\/2-catalogue-download.jpg 848w\" sizes=\"auto, (max-width: 212px) 100vw, 212px\" \/>\n\n\n\n<div>\n<div class=\"gb-text gbp-section__text gb-text-9434ca47\">Radiatherm 2025 Catalogus<\/div>\n\n\n\n<div class=\"gb-element-92f9b5a2\">\n<a class=\"gb-text gb-text-4b18d6f4\" href=\"https:\/\/radiatherm.be\/wp-content\/uploads\/2025\/12\/catalogue-farko-site.pdf\">Download<\/a>\n<\/div>\n<\/div>\n<\/div>\n<\/div>\n\n\n\n<img loading=\"lazy\" decoding=\"async\" width=\"1707\" height=\"2534\" class=\"gb-media-17669be9\" src=\"http:\/\/radiato.cluster027.hosting.ovh.net\/wp-content\/uploads\/2025\/09\/DB-1-3-scaled-e1759734677421.jpg\" title=\"DB-1 (3)\" alt=\"\" srcset=\"https:\/\/radiatherm.be\/wp-content\/uploads\/2025\/09\/DB-1-3-scaled-e1759734677421.jpg 1707w, https:\/\/radiatherm.be\/wp-content\/uploads\/2025\/09\/DB-1-3-scaled-e1759734677421-202x300.jpg 202w, https:\/\/radiatherm.be\/wp-content\/uploads\/2025\/09\/DB-1-3-scaled-e1759734677421-690x1024.jpg 690w, https:\/\/radiatherm.be\/wp-content\/uploads\/2025\/09\/DB-1-3-scaled-e1759734677421-768x1140.jpg 768w, https:\/\/radiatherm.be\/wp-content\/uploads\/2025\/09\/DB-1-3-scaled-e1759734677421-1035x1536.jpg 1035w, https:\/\/radiatherm.be\/wp-content\/uploads\/2025\/09\/DB-1-3-scaled-e1759734677421-1380x2048.jpg 1380w\" sizes=\"auto, (max-width: 1707px) 100vw, 1707px\" \/>\n<\/div>\n<\/div>\n\n\n\n<div class=\"gbp-section gb-element-77c082db\">\n<div class=\"gbp-section__inner gb-element-5d787446\">\n<div>\n<img loading=\"lazy\" decoding=\"async\" width=\"1322\" height=\"1181\" class=\"gb-media-0f9ab18a\" src=\"http:\/\/radiato.cluster027.hosting.ovh.net\/wp-content\/uploads\/2025\/09\/DW-1.jpg\" title=\"DW-1\" alt=\"\" srcset=\"https:\/\/radiatherm.be\/wp-content\/uploads\/2025\/09\/DW-1.jpg 1322w, https:\/\/radiatherm.be\/wp-content\/uploads\/2025\/09\/DW-1-300x268.jpg 300w, https:\/\/radiatherm.be\/wp-content\/uploads\/2025\/09\/DW-1-1024x915.jpg 1024w, https:\/\/radiatherm.be\/wp-content\/uploads\/2025\/09\/DW-1-768x686.jpg 768w\" sizes=\"auto, (max-width: 1322px) 100vw, 1322px\" \/>\n\n\n\n<p class=\"gb-text gbp-card__title\">Witte aansluitset voor centrale vloeraansluiting (omkeerbaar)<\/p>\n<\/div>\n\n\n\n<div>\n<img loading=\"lazy\" decoding=\"async\" width=\"579\" height=\"497\" class=\"gb-media-64763f54\" src=\"http:\/\/radiato.cluster027.hosting.ovh.net\/wp-content\/uploads\/2025\/09\/DW-2.jpg\" title=\"DW-2\" alt=\"\" srcset=\"https:\/\/radiatherm.be\/wp-content\/uploads\/2025\/09\/DW-2.jpg 579w, https:\/\/radiatherm.be\/wp-content\/uploads\/2025\/09\/DW-2-300x258.jpg 300w\" sizes=\"auto, (max-width: 579px) 100vw, 579px\" \/>\n\n\n\n<p class=\"gb-text gbp-card__title\">Witte aansluitset voor centrale wandcontactdoosaansluiting (omkeerbaar)<\/p>\n<\/div>\n\n\n\n<div>\n<img loading=\"lazy\" decoding=\"async\" width=\"619\" height=\"532\" class=\"gb-media-3b5a4aa0\" src=\"http:\/\/radiato.cluster027.hosting.ovh.net\/wp-content\/uploads\/2025\/09\/DB-1.jpg\" title=\"DB-1\" alt=\"\" srcset=\"https:\/\/radiatherm.be\/wp-content\/uploads\/2025\/09\/DB-1.jpg 619w, https:\/\/radiatherm.be\/wp-content\/uploads\/2025\/09\/DB-1-300x258.jpg 300w\" sizes=\"auto, (max-width: 619px) 100vw, 619px\" \/>\n\n\n\n<p class=\"gb-text gbp-card__title\">Zwarte aansluitset voor centrale vloerafvoeraansluiting (omkeerbaar)<\/p>\n<\/div>\n\n\n\n<div>\n<img loading=\"lazy\" decoding=\"async\" width=\"579\" height=\"497\" class=\"gb-media-95e05a57\" src=\"http:\/\/radiato.cluster027.hosting.ovh.net\/wp-content\/uploads\/2025\/09\/DB-2.jpg\" title=\"DB-2\" alt=\"\" srcset=\"https:\/\/radiatherm.be\/wp-content\/uploads\/2025\/09\/DB-2.jpg 579w, https:\/\/radiatherm.be\/wp-content\/uploads\/2025\/09\/DB-2-300x258.jpg 300w\" sizes=\"auto, (max-width: 579px) 100vw, 579px\" \/>\n\n\n\n<p class=\"gb-text gbp-card__title\">Zwarte aansluitset voor centrale wandcontactdoosaansluiting (omkeerbaar)<\/p>\n<\/div>\n<\/div>\n\n\n\n<div class=\"gbp-section__inner gb-element-c37f8bfb\">\n<div>\n<img loading=\"lazy\" decoding=\"async\" width=\"579\" height=\"497\" class=\"gb-media-59f27999\" src=\"http:\/\/radiato.cluster027.hosting.ovh.net\/wp-content\/uploads\/2025\/09\/DC-1.jpg\" title=\"DC-1\" alt=\"\" srcset=\"https:\/\/radiatherm.be\/wp-content\/uploads\/2025\/09\/DC-1.jpg 579w, https:\/\/radiatherm.be\/wp-content\/uploads\/2025\/09\/DC-1-300x258.jpg 300w\" sizes=\"auto, (max-width: 579px) 100vw, 579px\" \/>\n\n\n\n<p class=\"gb-text gbp-card__title\">Chromen aansluitset voor centrale vloerafvoeraansluiting (omkeerbaar)<\/p>\n<\/div>\n\n\n\n<div>\n<img loading=\"lazy\" decoding=\"async\" width=\"579\" height=\"497\" class=\"gb-media-15d1fad0\" src=\"http:\/\/radiato.cluster027.hosting.ovh.net\/wp-content\/uploads\/2025\/09\/DC-2-1.jpg\" title=\"DC-2\" alt=\"\" srcset=\"https:\/\/radiatherm.be\/wp-content\/uploads\/2025\/09\/DC-2-1.jpg 579w, https:\/\/radiatherm.be\/wp-content\/uploads\/2025\/09\/DC-2-1-300x258.jpg 300w\" sizes=\"auto, (max-width: 579px) 100vw, 579px\" \/>\n\n\n\n<p class=\"gb-text gbp-card__title\">Chromen aansluitset voor centrale wandcontactdoosaansluiting (omkeerbaar)<\/p>\n<\/div>\n\n\n\n<div>\n<img loading=\"lazy\" decoding=\"async\" width=\"579\" height=\"497\" class=\"gb-media-f5c191c2\" src=\"http:\/\/radiato.cluster027.hosting.ovh.net\/wp-content\/uploads\/2025\/09\/RT-W34H1.jpg\" title=\"RT-W34H1\" alt=\"\" srcset=\"https:\/\/radiatherm.be\/wp-content\/uploads\/2025\/09\/RT-W34H1.jpg 579w, https:\/\/radiatherm.be\/wp-content\/uploads\/2025\/09\/RT-W34H1-300x258.jpg 300w\" sizes=\"auto, (max-width: 579px) 100vw, 579px\" \/>\n\n\n\n<p class=\"gb-text gbp-card__title\">H-vormig ontwerp vloeraansluiting<\/p>\n<\/div>\n\n\n\n<div>\n<img loading=\"lazy\" decoding=\"async\" width=\"579\" height=\"497\" class=\"gb-media-1d92e7ff\" src=\"http:\/\/radiato.cluster027.hosting.ovh.net\/wp-content\/uploads\/2025\/09\/RT-W34H2.jpg\" title=\"RT-W34H2\" alt=\"\" srcset=\"https:\/\/radiatherm.be\/wp-content\/uploads\/2025\/09\/RT-W34H2.jpg 579w, https:\/\/radiatherm.be\/wp-content\/uploads\/2025\/09\/RT-W34H2-300x258.jpg 300w\" sizes=\"auto, (max-width: 579px) 100vw, 579px\" \/>\n\n\n\n<p class=\"gb-text gbp-card__title\">H-vormig design wandaansluiting<\/p>\n<\/div>\n<\/div>\n\n\n\n<div class=\"gbp-section__inner gb-element-b3dd8d2f\">\n<div>\n<img loading=\"lazy\" decoding=\"async\" width=\"579\" height=\"497\" class=\"gb-media-1c2aa8fc\" src=\"http:\/\/radiato.cluster027.hosting.ovh.net\/wp-content\/uploads\/2025\/09\/RT-TR-1-2-copie.jpg\" title=\"Drukwerk\" alt=\"\" srcset=\"https:\/\/radiatherm.be\/wp-content\/uploads\/2025\/09\/RT-TR-1-2-copie.jpg 579w, https:\/\/radiatherm.be\/wp-content\/uploads\/2025\/09\/RT-TR-1-2-copie-300x258.jpg 300w\" sizes=\"auto, (max-width: 579px) 100vw, 579px\" \/>\n\n\n\n<p class=\"gb-text gbp-card__title\">Thermostatische rechte kraan 1\/2 MF-M30<\/p>\n<\/div>\n\n\n\n<div>\n<img loading=\"lazy\" decoding=\"async\" width=\"579\" height=\"497\" class=\"gb-media-ddf54377\" src=\"http:\/\/radiato.cluster027.hosting.ovh.net\/wp-content\/uploads\/2025\/09\/RT-TM-1-2-copie.jpg\" title=\"Drukwerk\" alt=\"\" srcset=\"https:\/\/radiatherm.be\/wp-content\/uploads\/2025\/09\/RT-TM-1-2-copie.jpg 579w, https:\/\/radiatherm.be\/wp-content\/uploads\/2025\/09\/RT-TM-1-2-copie-300x258.jpg 300w\" sizes=\"auto, (max-width: 579px) 100vw, 579px\" \/>\n\n\n\n<p class=\"gb-text gbp-card__title\">Thermostatische hoekventiel 1\/2 MF-M30<\/p>\n<\/div>\n\n\n\n<div>\n<img loading=\"lazy\" decoding=\"async\" width=\"579\" height=\"497\" class=\"gb-media-00221059\" src=\"http:\/\/radiato.cluster027.hosting.ovh.net\/wp-content\/uploads\/2025\/09\/RT-RR-1-2-copie.jpg\" title=\"Drukwerk\" alt=\"\" srcset=\"https:\/\/radiatherm.be\/wp-content\/uploads\/2025\/09\/RT-RR-1-2-copie.jpg 579w, https:\/\/radiatherm.be\/wp-content\/uploads\/2025\/09\/RT-RR-1-2-copie-300x258.jpg 300w\" sizes=\"auto, (max-width: 579px) 100vw, 579px\" \/>\n\n\n\n<p class=\"gb-text gbp-card__title\">Rechte retourklep 1\/2\" MF<\/p>\n<\/div>\n\n\n\n<div>\n<img loading=\"lazy\" decoding=\"async\" width=\"579\" height=\"497\" class=\"gb-media-39863429\" src=\"http:\/\/radiato.cluster027.hosting.ovh.net\/wp-content\/uploads\/2025\/09\/RT-TM-1-2-copie-1.jpg\" title=\"Drukwerk\" alt=\"\" srcset=\"https:\/\/radiatherm.be\/wp-content\/uploads\/2025\/09\/RT-TM-1-2-copie-1.jpg 579w, https:\/\/radiatherm.be\/wp-content\/uploads\/2025\/09\/RT-TM-1-2-copie-1-300x258.jpg 300w\" sizes=\"auto, (max-width: 579px) 100vw, 579px\" \/>\n\n\n\n<p class=\"gb-text gbp-card__title\">Hoekretourklep 1\/2 MF<\/p>\n<\/div>\n<\/div>\n\n\n\n<div class=\"gbp-section__inner gb-element-65074404\"><\/div>\n\n\n\n<div class=\"wp-block-columns is-layout-flex wp-container-core-columns-is-layout-9d6595d7 wp-block-columns-is-layout-flex\">\n<div class=\"wp-block-column is-layout-flow wp-block-column-is-layout-flow\" style=\"flex-basis:100%\">\n<div class=\"gb-element-16e143d9\">\n<div>\n<div>\n<img loading=\"lazy\" decoding=\"async\" width=\"579\" height=\"497\" class=\"gb-media-fd49f1f5\" src=\"http:\/\/radiato.cluster027.hosting.ovh.net\/wp-content\/uploads\/2025\/09\/RT-G34H1.jpg\" title=\"RT-G34H1\" alt=\"\" srcset=\"https:\/\/radiatherm.be\/wp-content\/uploads\/2025\/09\/RT-G34H1.jpg 579w, https:\/\/radiatherm.be\/wp-content\/uploads\/2025\/09\/RT-G34H1-300x258.jpg 300w\" sizes=\"auto, (max-width: 579px) 100vw, 579px\" \/>\n\n\n\n<p class=\"gb-text gbp-card__title\">Wandaansluiting deel H<\/p>\n<\/div>\n<\/div>\n\n\n\n<div>\n<div>\n<img loading=\"lazy\" decoding=\"async\" width=\"579\" height=\"497\" class=\"gb-media-3664d9d2\" src=\"http:\/\/radiato.cluster027.hosting.ovh.net\/wp-content\/uploads\/2025\/09\/RT-G34H2.jpg\" title=\"RT-G34H2\" alt=\"\" srcset=\"https:\/\/radiatherm.be\/wp-content\/uploads\/2025\/09\/RT-G34H2.jpg 579w, https:\/\/radiatherm.be\/wp-content\/uploads\/2025\/09\/RT-G34H2-300x258.jpg 300w\" sizes=\"auto, (max-width: 579px) 100vw, 579px\" \/>\n\n\n\n<p class=\"gb-text gbp-card__title\">Vloeraansluiting deel H<\/p>\n<\/div>\n<\/div>\n<\/div>\n<\/div>\n<\/div>\n<\/div>","protected":false},"excerpt":{"rendered":"<p>Kits de montage Radiatherm Simplicit\u00e9 et fiabilit\u00e9 Les kits de montage Radiatherm sont con\u00e7us pour garantir une installation rapide, s\u00fbre et esth\u00e9tique de nos radiateurs. Chaque kit comprend tous les \u00e9l\u00e9ments n\u00e9cessaires (fixations murales, chevilles, visserie et accessoires adapt\u00e9s) pour assurer une pose stable et discr\u00e8te. Robustes et faciles \u00e0 utiliser, nos kits de montage &#8230; <a title=\"Montagekit\" class=\"read-more\" href=\"https:\/\/radiatherm.be\/nl\/home\/accessoires\/\" aria-label=\"Lees meer over Kit de montage\">Read more<\/a><\/p>","protected":false},"author":1,"featured_media":0,"parent":39740,"menu_order":0,"comment_status":"closed","ping_status":"closed","template":"","meta":{"footnotes":""},"class_list":["post-48948","page","type-page","status-publish"],"_links":{"self":[{"href":"https:\/\/radiatherm.be\/nl\/wp-json\/wp\/v2\/pages\/48948","targetHints":{"allow":["GET"]}}],"collection":[{"href":"https:\/\/radiatherm.be\/nl\/wp-json\/wp\/v2\/pages"}],"about":[{"href":"https:\/\/radiatherm.be\/nl\/wp-json\/wp\/v2\/types\/page"}],"author":[{"embeddable":true,"href":"https:\/\/radiatherm.be\/nl\/wp-json\/wp\/v2\/users\/1"}],"replies":[{"embeddable":true,"href":"https:\/\/radiatherm.be\/nl\/wp-json\/wp\/v2\/comments?post=48948"}],"version-history":[{"count":66,"href":"https:\/\/radiatherm.be\/nl\/wp-json\/wp\/v2\/pages\/48948\/revisions"}],"predecessor-version":[{"id":49667,"href":"https:\/\/radiatherm.be\/nl\/wp-json\/wp\/v2\/pages\/48948\/revisions\/49667"}],"up":[{"embeddable":true,"href":"https:\/\/radiatherm.be\/nl\/wp-json\/wp\/v2\/pages\/39740"}],"wp:attachment":[{"href":"https:\/\/radiatherm.be\/nl\/wp-json\/wp\/v2\/media?parent=48948"}],"curies":[{"name":"wp","href":"https:\/\/api.w.org\/{rel}","templated":true}]}}