{"id":48946,"date":"2025-08-11T13:13:19","date_gmt":"2025-08-11T13:13:19","guid":{"rendered":"http:\/\/radiato.cluster027.hosting.ovh.net\/?page_id=48946"},"modified":"2025-12-10T14:25:58","modified_gmt":"2025-12-10T14:25:58","slug":"trv","status":"publish","type":"page","link":"https:\/\/radiatherm.be\/nl\/home\/trv\/","title":{"rendered":"TRV"},"content":{"rendered":"<div class=\"gbp-section gb-element-2aa1dcfa\">\n<div class=\"gbp-section__inner gb-element-69ef2ee0\">\n<div class=\"gb-element-b2b0f6aa\">\n<h1 class=\"gb-text gbp-section__headline gb-text-a7966e06\">Thermostatische koppen <\/h1>\n\n\n\n<h2 class=\"wp-block-heading has-accent-color has-text-color has-link-color wp-elements-4684d2962d4e7f77face64c5420c0736\">Comfort en warmtecontrole<\/h2>\n\n\n\n<p class=\"gb-text gbp-section__text gb-text-a672bbc4 translation-block\">Met Radiatherm thermostatische radiatorkranen regelt u de temperatuur van uw radiatoren nauwkeurig en eenvoudig. Dankzij hun ergonomische ontwerp en betrouwbare mechanisme zorgen ze voor een warmteverdeling die aan elke behoefte is aangepast en dragen ze bij aan energiebesparing.<\/p>\n\n\n\n<p><\/p>\n\n\n\n<p class=\"has-accent-color has-text-color has-link-color wp-elements-43cd624b165fd0884dfbc8bf422a0fcf translation-block\">Ze zijn elegant en robuust, sluiten perfect aan bij de stijl van onze radiatoren en garanderen optimaal comfort, elke dag opnieuw.<\/p>\n\n\n\n<div class=\"gbp-section__inner gb-element-3663ae5e\">\n<img loading=\"lazy\" decoding=\"async\" width=\"212\" height=\"300\" class=\"gb-media-326c396f\" src=\"http:\/\/radiato.cluster027.hosting.ovh.net\/wp-content\/uploads\/2025\/09\/2-catalogue-download-212x300.jpg\" title=\"2-catalogue-download\" alt=\"\" srcset=\"https:\/\/radiatherm.be\/wp-content\/uploads\/2025\/09\/2-catalogue-download-212x300.jpg 212w, https:\/\/radiatherm.be\/wp-content\/uploads\/2025\/09\/2-catalogue-download-724x1024.jpg 724w, https:\/\/radiatherm.be\/wp-content\/uploads\/2025\/09\/2-catalogue-download-768x1087.jpg 768w, https:\/\/radiatherm.be\/wp-content\/uploads\/2025\/09\/2-catalogue-download.jpg 848w\" sizes=\"auto, (max-width: 212px) 100vw, 212px\" \/>\n\n\n\n<div>\n<div class=\"gb-text gbp-section__text gb-text-96d8580b\">Radiatherm 2025 Catalogus<\/div>\n\n\n\n<div class=\"gb-element-5e1aa9cd\">\n<a class=\"gb-text gb-text-005de3c1\" href=\"https:\/\/radiatherm.be\/wp-content\/uploads\/2025\/12\/catalogue-farko-site.pdf\">Download<\/a>\n<\/div>\n<\/div>\n<\/div>\n<\/div>\n\n\n\n<img loading=\"lazy\" decoding=\"async\" width=\"1280\" height=\"1545\" class=\"gb-media-f2c4f7ca\" src=\"http:\/\/radiato.cluster027.hosting.ovh.net\/wp-content\/uploads\/2025\/09\/DSC_9111-copie-1.png\" title=\"DSC_9111 copie\" alt=\"\" srcset=\"https:\/\/radiatherm.be\/wp-content\/uploads\/2025\/09\/DSC_9111-copie-1.png 1280w, https:\/\/radiatherm.be\/wp-content\/uploads\/2025\/09\/DSC_9111-copie-1-249x300.png 249w, https:\/\/radiatherm.be\/wp-content\/uploads\/2025\/09\/DSC_9111-copie-1-848x1024.png 848w, https:\/\/radiatherm.be\/wp-content\/uploads\/2025\/09\/DSC_9111-copie-1-768x927.png 768w, https:\/\/radiatherm.be\/wp-content\/uploads\/2025\/09\/DSC_9111-copie-1-1273x1536.png 1273w\" sizes=\"auto, (max-width: 1280px) 100vw, 1280px\" \/>\n<\/div>\n<\/div>\n\n\n\n<div><\/div>\n\n\n\n<div class=\"gbp-section gb-element-6e83f71f\">\n<div class=\"gbp-section__inner gb-element-add482b8\">\n<div>\n<img loading=\"lazy\" decoding=\"async\" width=\"1000\" height=\"1000\" class=\"gb-media-54e34331\" src=\"http:\/\/radiato.cluster027.hosting.ovh.net\/wp-content\/uploads\/2025\/09\/RT-M30-1.png\" title=\"RT-M30\" alt=\"\" srcset=\"https:\/\/radiatherm.be\/wp-content\/uploads\/2025\/09\/RT-M30-1.png 1000w, https:\/\/radiatherm.be\/wp-content\/uploads\/2025\/09\/RT-M30-1-300x300.png 300w, https:\/\/radiatherm.be\/wp-content\/uploads\/2025\/09\/RT-M30-1-150x150.png 150w, https:\/\/radiatherm.be\/wp-content\/uploads\/2025\/09\/RT-M30-1-768x768.png 768w\" sizes=\"auto, (max-width: 1000px) 100vw, 1000px\" \/>\n\n\n\n<p class=\"gb-text gbp-card__title\">Witte thermostaatkop M30<\/p>\n<\/div>\n\n\n\n<div>\n<img loading=\"lazy\" decoding=\"async\" width=\"1000\" height=\"1000\" class=\"gb-media-16e3f010\" src=\"http:\/\/radiato.cluster027.hosting.ovh.net\/wp-content\/uploads\/2025\/09\/DWHEAD-MW.png\" title=\"DWHEAD-MW\" alt=\"\" srcset=\"https:\/\/radiatherm.be\/wp-content\/uploads\/2025\/09\/DWHEAD-MW.png 1000w, https:\/\/radiatherm.be\/wp-content\/uploads\/2025\/09\/DWHEAD-MW-300x300.png 300w, https:\/\/radiatherm.be\/wp-content\/uploads\/2025\/09\/DWHEAD-MW-150x150.png 150w, https:\/\/radiatherm.be\/wp-content\/uploads\/2025\/09\/DWHEAD-MW-768x768.png 768w\" sizes=\"auto, (max-width: 1000px) 100vw, 1000px\" \/>\n\n\n\n<p class=\"gb-text gbp-card__title\">Witte design thermostaatkop M30<\/p>\n<\/div>\n\n\n\n<div>\n<img loading=\"lazy\" decoding=\"async\" width=\"1000\" height=\"1000\" class=\"gb-media-2ea802c7\" src=\"http:\/\/radiato.cluster027.hosting.ovh.net\/wp-content\/uploads\/2025\/09\/DBHEAD-MB.png\" title=\"DBHEAD-MB\" alt=\"\" srcset=\"https:\/\/radiatherm.be\/wp-content\/uploads\/2025\/09\/DBHEAD-MB.png 1000w, https:\/\/radiatherm.be\/wp-content\/uploads\/2025\/09\/DBHEAD-MB-300x300.png 300w, https:\/\/radiatherm.be\/wp-content\/uploads\/2025\/09\/DBHEAD-MB-150x150.png 150w, https:\/\/radiatherm.be\/wp-content\/uploads\/2025\/09\/DBHEAD-MB-768x768.png 768w\" sizes=\"auto, (max-width: 1000px) 100vw, 1000px\" \/>\n\n\n\n<p class=\"gb-text gbp-card__title\">Zwarte design thermostaatkop M30<\/p>\n<\/div>\n\n\n\n<div>\n<img loading=\"lazy\" decoding=\"async\" width=\"1000\" height=\"1000\" class=\"gb-media-7330b5e0\" src=\"http:\/\/radiato.cluster027.hosting.ovh.net\/wp-content\/uploads\/2025\/09\/RT-CM30.png\" title=\"RT-CM30\" alt=\"\" srcset=\"https:\/\/radiatherm.be\/wp-content\/uploads\/2025\/09\/RT-CM30.png 1000w, https:\/\/radiatherm.be\/wp-content\/uploads\/2025\/09\/RT-CM30-300x300.png 300w, https:\/\/radiatherm.be\/wp-content\/uploads\/2025\/09\/RT-CM30-150x150.png 150w, https:\/\/radiatherm.be\/wp-content\/uploads\/2025\/09\/RT-CM30-768x768.png 768w\" sizes=\"auto, (max-width: 1000px) 100vw, 1000px\" \/>\n\n\n\n<p class=\"gb-text gbp-card__title\">Chromen design thermostaatkop M30<\/p>\n<\/div>\n<\/div>\n\n\n\n<div class=\"gbp-section__inner gb-element-015d2ee0\">\n<div>\n<img loading=\"lazy\" decoding=\"async\" width=\"1000\" height=\"1000\" class=\"gb-media-0c907443\" src=\"http:\/\/radiato.cluster027.hosting.ovh.net\/wp-content\/uploads\/2025\/09\/RT-UDM.png\" title=\"RT-UDM\" alt=\"\" srcset=\"https:\/\/radiatherm.be\/wp-content\/uploads\/2025\/09\/RT-UDM.png 1000w, https:\/\/radiatherm.be\/wp-content\/uploads\/2025\/09\/RT-UDM-300x300.png 300w, https:\/\/radiatherm.be\/wp-content\/uploads\/2025\/09\/RT-UDM-150x150.png 150w, https:\/\/radiatherm.be\/wp-content\/uploads\/2025\/09\/RT-UDM-768x768.png 768w\" sizes=\"auto, (max-width: 1000px) 100vw, 1000px\" \/>\n\n\n\n<p class=\"gb-text gbp-card__title\">Witte design thermostaatkop M30<\/p>\n<\/div>\n<\/div>\n<\/div>","protected":false},"excerpt":{"rendered":"<p>T\u00eates thermostatiques Confort et ma\u00eetrise de la chaleur Les t\u00eates thermostatiques Radiatherm permettent de r\u00e9guler la temp\u00e9rature de vos radiateurs avec pr\u00e9cision et simplicit\u00e9. Gr\u00e2ce \u00e0 leur design ergonomique et leur m\u00e9canisme fiable, elles assurent une diffusion de chaleur adapt\u00e9e \u00e0 chaque besoin, tout en favorisant les \u00e9conomies d\u2019\u00e9nergie. \u00c9l\u00e9gantes et robustes, elles s\u2019int\u00e8grent parfaitement &#8230; <a title=\"TRV\" class=\"read-more\" href=\"https:\/\/radiatherm.be\/nl\/home\/trv\/\" aria-label=\"Lees meer over TRV\">Read more<\/a><\/p>","protected":false},"author":1,"featured_media":0,"parent":39740,"menu_order":0,"comment_status":"closed","ping_status":"closed","template":"","meta":{"footnotes":""},"class_list":["post-48946","page","type-page","status-publish"],"_links":{"self":[{"href":"https:\/\/radiatherm.be\/nl\/wp-json\/wp\/v2\/pages\/48946","targetHints":{"allow":["GET"]}}],"collection":[{"href":"https:\/\/radiatherm.be\/nl\/wp-json\/wp\/v2\/pages"}],"about":[{"href":"https:\/\/radiatherm.be\/nl\/wp-json\/wp\/v2\/types\/page"}],"author":[{"embeddable":true,"href":"https:\/\/radiatherm.be\/nl\/wp-json\/wp\/v2\/users\/1"}],"replies":[{"embeddable":true,"href":"https:\/\/radiatherm.be\/nl\/wp-json\/wp\/v2\/comments?post=48946"}],"version-history":[{"count":19,"href":"https:\/\/radiatherm.be\/nl\/wp-json\/wp\/v2\/pages\/48946\/revisions"}],"predecessor-version":[{"id":49668,"href":"https:\/\/radiatherm.be\/nl\/wp-json\/wp\/v2\/pages\/48946\/revisions\/49668"}],"up":[{"embeddable":true,"href":"https:\/\/radiatherm.be\/nl\/wp-json\/wp\/v2\/pages\/39740"}],"wp:attachment":[{"href":"https:\/\/radiatherm.be\/nl\/wp-json\/wp\/v2\/media?parent=48946"}],"curies":[{"name":"wp","href":"https:\/\/api.w.org\/{rel}","templated":true}]}}