{"id":48944,"date":"2025-08-11T13:12:03","date_gmt":"2025-08-11T13:12:03","guid":{"rendered":"http:\/\/radiato.cluster027.hosting.ovh.net\/?page_id=48944"},"modified":"2025-12-10T14:26:21","modified_gmt":"2025-12-10T14:26:21","slug":"accroches","status":"publish","type":"page","link":"https:\/\/radiatherm.be\/nl\/home\/accroches\/","title":{"rendered":"Haken"},"content":{"rendered":"<div>\n<div class=\"gbp-section gb-element-f27a3186\">\n<div class=\"gbp-section__inner gb-element-e3f06d7e\">\n<div class=\"gb-element-a5282ed5\">\n<h1 class=\"gb-text gbp-section__headline gb-text-360e6efa\">Radiatherm haken<\/h1>\n\n\n\n<h2 class=\"wp-block-heading has-accent-color has-text-color has-link-color wp-elements-f160b4ad7ea277b79aec34dd0934582a\">Stabiliteit en veiligheid gegarandeerd<\/h2>\n\n\n\n<p class=\"gb-text gbp-section__text gb-text-0e1d0279 translation-block\">Radiatherm beugels zijn speciaal ontworpen om een \u200b\u200bsolide en duurzame bevestiging van onze radiatoren te garanderen. Ze zijn eenvoudig te installeren en zorgen voor perfecte stabiliteit, terwijl de algehele esthetiek behouden blijft.<\/p>\n\n\n\n<p><\/p>\n\n\n\n<p class=\"has-accent-color has-text-color has-link-color wp-elements-51454e2da7d7faca8f9c4599b0e36f09 translation-block\">Robustes et discr\u00e8tes, elles apportent la s\u00e9curit\u00e9 n\u00e9cessaire \u00e0 votre installation et s\u2019adaptent \u00e0 chaque mod\u00e8le de radiateur Radiatherm.<\/p>\n\n\n\n<div class=\"gbp-section__inner gb-element-48f347f1\">\n<img loading=\"lazy\" decoding=\"async\" width=\"212\" height=\"300\" class=\"gb-media-4803343f\" src=\"http:\/\/radiato.cluster027.hosting.ovh.net\/wp-content\/uploads\/2025\/09\/2-catalogue-download-212x300.jpg\" title=\"2-catalogue-download\" alt=\"\" srcset=\"https:\/\/radiatherm.be\/wp-content\/uploads\/2025\/09\/2-catalogue-download-212x300.jpg 212w, https:\/\/radiatherm.be\/wp-content\/uploads\/2025\/09\/2-catalogue-download-724x1024.jpg 724w, https:\/\/radiatherm.be\/wp-content\/uploads\/2025\/09\/2-catalogue-download-768x1087.jpg 768w, https:\/\/radiatherm.be\/wp-content\/uploads\/2025\/09\/2-catalogue-download.jpg 848w\" sizes=\"auto, (max-width: 212px) 100vw, 212px\" \/>\n\n\n\n<div>\n<div class=\"gb-text gbp-section__text gb-text-e487dddb\">Radiatherm 2025 Catalogus<\/div>\n\n\n\n<div class=\"gb-element-7e006252\">\n<a class=\"gb-text gb-text-b21d3a47\" href=\"https:\/\/radiatherm.be\/wp-content\/uploads\/2025\/12\/catalogue-farko-site.pdf\">Download<\/a>\n<\/div>\n<\/div>\n<\/div>\n<\/div>\n\n\n\n<img loading=\"lazy\" decoding=\"async\" width=\"404\" height=\"480\" class=\"gb-media-ef910db8\" src=\"http:\/\/radiato.cluster027.hosting.ovh.net\/wp-content\/uploads\/2025\/09\/accroches.jpg\" title=\"accroches\" alt=\"\" srcset=\"https:\/\/radiatherm.be\/wp-content\/uploads\/2025\/09\/accroches.jpg 404w, https:\/\/radiatherm.be\/wp-content\/uploads\/2025\/09\/accroches-253x300.jpg 253w\" sizes=\"auto, (max-width: 404px) 100vw, 404px\" \/>\n<\/div>\n<\/div>\n<\/div>\n\n\n\n<div class=\"gbp-section gb-element-762fa494\">\n<div class=\"wp-block-columns is-layout-flex wp-container-core-columns-is-layout-9d6595d7 wp-block-columns-is-layout-flex\">\n<div class=\"wp-block-column is-layout-flow wp-block-column-is-layout-flow\" style=\"flex-basis:100%\">\n<div class=\"gbp-section__inner gb-element-73afe247\">\n<div>\n<img loading=\"lazy\" decoding=\"async\" width=\"866\" height=\"860\" class=\"gb-media-71f661c7\" src=\"http:\/\/radiato.cluster027.hosting.ovh.net\/wp-content\/uploads\/2025\/09\/ACCROCHE-WHITE.jpg\" title=\"ACCROCHE WHITE\" alt=\"\" srcset=\"https:\/\/radiatherm.be\/wp-content\/uploads\/2025\/09\/ACCROCHE-WHITE.jpg 866w, https:\/\/radiatherm.be\/wp-content\/uploads\/2025\/09\/ACCROCHE-WHITE-300x298.jpg 300w, https:\/\/radiatherm.be\/wp-content\/uploads\/2025\/09\/ACCROCHE-WHITE-150x150.jpg 150w, https:\/\/radiatherm.be\/wp-content\/uploads\/2025\/09\/ACCROCHE-WHITE-768x763.jpg 768w\" sizes=\"auto, (max-width: 866px) 100vw, 866px\" \/>\n<\/div>\n\n\n\n<div>\n<img loading=\"lazy\" decoding=\"async\" width=\"862\" height=\"861\" class=\"gb-media-278a6cf9\" src=\"http:\/\/radiato.cluster027.hosting.ovh.net\/wp-content\/uploads\/2025\/09\/ACCROCHE-BLACK.jpg\" title=\"ACCROCHE BLACK\" alt=\"\" srcset=\"https:\/\/radiatherm.be\/wp-content\/uploads\/2025\/09\/ACCROCHE-BLACK.jpg 862w, https:\/\/radiatherm.be\/wp-content\/uploads\/2025\/09\/ACCROCHE-BLACK-300x300.jpg 300w, https:\/\/radiatherm.be\/wp-content\/uploads\/2025\/09\/ACCROCHE-BLACK-150x150.jpg 150w, https:\/\/radiatherm.be\/wp-content\/uploads\/2025\/09\/ACCROCHE-BLACK-768x767.jpg 768w\" sizes=\"auto, (max-width: 862px) 100vw, 862px\" \/>\n<\/div>\n<\/div>\n<\/div>\n<\/div>\n<\/div>","protected":false},"excerpt":{"rendered":"<p>Accroches Radiatherm Stabilit\u00e9 et s\u00e9curit\u00e9 assur\u00e9es Les accroches Radiatherm sont sp\u00e9cialement con\u00e7ues pour garantir une fixation solide et durable de nos radiateurs. Simples \u00e0 installer, elles assurent une parfaite stabilit\u00e9 tout en maintenant l\u2019esth\u00e9tique de l\u2019ensemble. Robustes et discr\u00e8tes, elles apportent la s\u00e9curit\u00e9 n\u00e9cessaire \u00e0 votre installation et s\u2019adaptent \u00e0 chaque mod\u00e8le de radiateur Radiatherm. &#8230; <a title=\"Haken\" class=\"read-more\" href=\"https:\/\/radiatherm.be\/nl\/home\/accroches\/\" aria-label=\"Lees meer over Accroches\">Read more<\/a><\/p>","protected":false},"author":1,"featured_media":0,"parent":39740,"menu_order":0,"comment_status":"closed","ping_status":"closed","template":"","meta":{"footnotes":""},"class_list":["post-48944","page","type-page","status-publish"],"_links":{"self":[{"href":"https:\/\/radiatherm.be\/nl\/wp-json\/wp\/v2\/pages\/48944","targetHints":{"allow":["GET"]}}],"collection":[{"href":"https:\/\/radiatherm.be\/nl\/wp-json\/wp\/v2\/pages"}],"about":[{"href":"https:\/\/radiatherm.be\/nl\/wp-json\/wp\/v2\/types\/page"}],"author":[{"embeddable":true,"href":"https:\/\/radiatherm.be\/nl\/wp-json\/wp\/v2\/users\/1"}],"replies":[{"embeddable":true,"href":"https:\/\/radiatherm.be\/nl\/wp-json\/wp\/v2\/comments?post=48944"}],"version-history":[{"count":19,"href":"https:\/\/radiatherm.be\/nl\/wp-json\/wp\/v2\/pages\/48944\/revisions"}],"predecessor-version":[{"id":49669,"href":"https:\/\/radiatherm.be\/nl\/wp-json\/wp\/v2\/pages\/48944\/revisions\/49669"}],"up":[{"embeddable":true,"href":"https:\/\/radiatherm.be\/nl\/wp-json\/wp\/v2\/pages\/39740"}],"wp:attachment":[{"href":"https:\/\/radiatherm.be\/nl\/wp-json\/wp\/v2\/media?parent=48944"}],"curies":[{"name":"wp","href":"https:\/\/api.w.org\/{rel}","templated":true}]}}