{"id":48936,"date":"2025-08-11T12:31:43","date_gmt":"2025-08-11T12:31:43","guid":{"rendered":"http:\/\/radiato.cluster027.hosting.ovh.net\/?page_id=48936"},"modified":"2025-12-10T14:23:47","modified_gmt":"2025-12-10T14:23:47","slug":"farko","status":"publish","type":"page","link":"https:\/\/radiatherm.be\/nl\/home\/farko\/","title":{"rendered":"Farko"},"content":{"rendered":"<div class=\"gbp-section gb-element-eb6c2163\">\n<div class=\"gbp-section__inner gb-element-d3d29534\">\n<div class=\"gb-element-c04dda64\">\n<h1 class=\"gb-text gbp-section__headline gb-text-e0f99cee\">Farko radiator<\/h1>\n\n\n\n<p class=\"gb-text gb-text-64dd87f1\"><strong>Gestructureerd ontwerp, geconcentreerde effici\u00ebntie<\/strong><\/p>\n\n\n\n<p class=\"gb-text gbp-section__text gb-text-7ebb539d translation-block\">Het model Farko heeft zich gevestigd als een waar icoon onder de decoratieve radiatoren en combineert een onderscheidend design met hoogwaardige thermische prestaties. Zijn unieke kenmerk? De minimale afstand tussen de buizen, wat resulteert in een visueel dichte structuur en maximaal thermisch effect.<\/p>\n<\/div>\n\n\n\n<img loading=\"lazy\" decoding=\"async\" width=\"1800\" height=\"1800\" class=\"gb-media-9234d6bd\" src=\"http:\/\/radiato.cluster027.hosting.ovh.net\/wp-content\/uploads\/2025\/08\/farko-site-01.jpg\" title=\"Farko radiateur\" alt=\"\" srcset=\"https:\/\/radiatherm.be\/wp-content\/uploads\/2025\/08\/farko-site-01.jpg 1800w, https:\/\/radiatherm.be\/wp-content\/uploads\/2025\/08\/farko-site-01-300x300.jpg 300w, https:\/\/radiatherm.be\/wp-content\/uploads\/2025\/08\/farko-site-01-1024x1024.jpg 1024w, https:\/\/radiatherm.be\/wp-content\/uploads\/2025\/08\/farko-site-01-150x150.jpg 150w, https:\/\/radiatherm.be\/wp-content\/uploads\/2025\/08\/farko-site-01-768x768.jpg 768w, https:\/\/radiatherm.be\/wp-content\/uploads\/2025\/08\/farko-site-01-1536x1536.jpg 1536w\" sizes=\"auto, (max-width: 1800px) 100vw, 1800px\" \/>\n<\/div>\n<\/div>\n\n\n\n<div class=\"gbp-section gb-element-30af780c\">\n<div class=\"gbp-section__inner gb-element-df546b21\">\n<img loading=\"lazy\" decoding=\"async\" width=\"1200\" height=\"1200\" class=\"gb-media-803a199a\" src=\"http:\/\/radiato.cluster027.hosting.ovh.net\/wp-content\/uploads\/2025\/08\/farko-site-03.jpg\" title=\"farko-site-03\" alt=\"\" srcset=\"https:\/\/radiatherm.be\/wp-content\/uploads\/2025\/08\/farko-site-03.jpg 1200w, https:\/\/radiatherm.be\/wp-content\/uploads\/2025\/08\/farko-site-03-300x300.jpg 300w, https:\/\/radiatherm.be\/wp-content\/uploads\/2025\/08\/farko-site-03-1024x1024.jpg 1024w, https:\/\/radiatherm.be\/wp-content\/uploads\/2025\/08\/farko-site-03-150x150.jpg 150w, https:\/\/radiatherm.be\/wp-content\/uploads\/2025\/08\/farko-site-03-768x768.jpg 768w\" sizes=\"auto, (max-width: 1200px) 100vw, 1200px\" \/>\n\n\n\n<div class=\"gb-element-7f086953\">\n<p class=\"gb-text gbp-section__text gb-text-5c444b70 translation-block\">De architectuur is gebaseerd op een nieuw type buis met vierkante randen en scherpe lijnen, wat Farko een grafische en eigentijdse uitstraling geeft. Het strakke design van de radiator wordt versterkt door een perfect ge\u00efntegreerd verdeelstuk, waardoor een uniform oppervlak ontstaat dat rust en orde in elke ruimte brengt.<\/p>\n\n\n\n<p class=\"has-accent-color has-text-color has-link-color wp-elements-c42e45bc6623c8f45d6edae69b451923 translation-block\"><br>Farko is de perfecte mix van geometrische strakheid en gecontroleerde warmte. Een sterk stuk, ontworpen om lang mee te gaan.<\/p>\n\n\n\n<div class=\"gbp-section__inner gb-element-6ac8df3f\">\n<img loading=\"lazy\" decoding=\"async\" width=\"212\" height=\"300\" class=\"gb-media-3383f3c6\" src=\"http:\/\/radiato.cluster027.hosting.ovh.net\/wp-content\/uploads\/2025\/09\/2-catalogue-download-212x300.jpg\" title=\"2-catalogue-download\" alt=\"\" srcset=\"https:\/\/radiatherm.be\/wp-content\/uploads\/2025\/09\/2-catalogue-download-212x300.jpg 212w, https:\/\/radiatherm.be\/wp-content\/uploads\/2025\/09\/2-catalogue-download-724x1024.jpg 724w, https:\/\/radiatherm.be\/wp-content\/uploads\/2025\/09\/2-catalogue-download-768x1087.jpg 768w, https:\/\/radiatherm.be\/wp-content\/uploads\/2025\/09\/2-catalogue-download.jpg 848w\" sizes=\"auto, (max-width: 212px) 100vw, 212px\" \/>\n\n\n\n<div>\n<div class=\"gb-text gbp-section__text gb-text-729a85b2\">Radiatherm 2025 Catalogus<\/div>\n\n\n\n<div class=\"gb-element-d245641d\">\n<a class=\"gb-text gb-text-75e17d64\" href=\"https:\/\/radiatherm.be\/wp-content\/uploads\/2025\/12\/catalogue-farko-site.pdf\">Download<\/a>\n<\/div>\n<\/div>\n<\/div>\n<\/div>\n<\/div>\n<\/div>\n\n\n\n<p><\/p>","protected":false},"excerpt":{"rendered":"<p>Radiateur Farko Design structur\u00e9, efficacit\u00e9 concentr\u00e9e Le mod\u00e8le Farko s\u2019impose comme une v\u00e9ritable ic\u00f4ne du radiateur d\u00e9coratif, alliant un design affirm\u00e9 \u00e0 des performances thermiques de haut niveau. Sa particularit\u00e9 ? Un espacement minimal entre les tubes, pour une structure visuellement dense et un effet thermique maximal. Son architecture repose sur un nouveau type de &#8230; <a title=\"Farko\" class=\"read-more\" href=\"https:\/\/radiatherm.be\/nl\/home\/farko\/\" aria-label=\"Lees meer over Farko\">Read more<\/a><\/p>","protected":false},"author":1,"featured_media":0,"parent":39740,"menu_order":0,"comment_status":"closed","ping_status":"closed","template":"","meta":{"footnotes":""},"class_list":["post-48936","page","type-page","status-publish"],"_links":{"self":[{"href":"https:\/\/radiatherm.be\/nl\/wp-json\/wp\/v2\/pages\/48936","targetHints":{"allow":["GET"]}}],"collection":[{"href":"https:\/\/radiatherm.be\/nl\/wp-json\/wp\/v2\/pages"}],"about":[{"href":"https:\/\/radiatherm.be\/nl\/wp-json\/wp\/v2\/types\/page"}],"author":[{"embeddable":true,"href":"https:\/\/radiatherm.be\/nl\/wp-json\/wp\/v2\/users\/1"}],"replies":[{"embeddable":true,"href":"https:\/\/radiatherm.be\/nl\/wp-json\/wp\/v2\/comments?post=48936"}],"version-history":[{"count":22,"href":"https:\/\/radiatherm.be\/nl\/wp-json\/wp\/v2\/pages\/48936\/revisions"}],"predecessor-version":[{"id":49664,"href":"https:\/\/radiatherm.be\/nl\/wp-json\/wp\/v2\/pages\/48936\/revisions\/49664"}],"up":[{"embeddable":true,"href":"https:\/\/radiatherm.be\/nl\/wp-json\/wp\/v2\/pages\/39740"}],"wp:attachment":[{"href":"https:\/\/radiatherm.be\/nl\/wp-json\/wp\/v2\/media?parent=48936"}],"curies":[{"name":"wp","href":"https:\/\/api.w.org\/{rel}","templated":true}]}}