{"id":48934,"date":"2025-08-11T12:30:11","date_gmt":"2025-08-11T12:30:11","guid":{"rendered":"http:\/\/radiato.cluster027.hosting.ovh.net\/?page_id=48934"},"modified":"2025-12-10T14:24:35","modified_gmt":"2025-12-10T14:24:35","slug":"linteo-power","status":"publish","type":"page","link":"https:\/\/radiatherm.be\/nl\/home\/linteo-power\/","title":{"rendered":"Linteo Power"},"content":{"rendered":"<div class=\"gbp-section gb-element-eb6183b1\">\n<div class=\"gbp-section__inner gb-element-b452ddef\">\n<div class=\"gb-element-ac25e5c4\">\n<h1 class=\"gb-text gbp-section__headline gb-text-49dbb820\">Linteo Power Radiator<\/h1>\n\n\n\n<p class=\"gb-text gb-text-945195e7\"><strong>Elektrische verwarming met elegantie<\/strong><\/p>\n\n\n\n<p class=\"gb-text gbp-section__text gb-text-f22d6abd translation-block\">Avec <strong>Linteo Power<\/strong>, Radiatherm ouvre la voie \u00e0 un confort moderne et flexible. Ce radiateur d\u00e9coratif <strong>100 % \u00e9lectrique<\/strong> allie un <strong>design raffin\u00e9<\/strong> \u00e0 la praticit\u00e9 d\u2019une <strong>commande simple et intuitive<\/strong>, pour un bien-\u00eatre ma\u00eetris\u00e9 au quotidien.<\/p>\n\n\n\n<p class=\"has-accent-color has-text-color has-link-color wp-elements-d728d3ba8bd6654f3289180be74a9522 translation-block\"><br>Uitgerust met responsieve verwarmingstechnologie levert Linteo Power in enkele ogenblikken een gelijkmatige en aangename warmte. Dankzij de individuele thermostaten biedt hij nauwkeurige temperatuurregeling en optimaal energiebeheer, voor langdurig en verantwoord comfort.<\/p>\n<\/div>\n\n\n\n<img loading=\"lazy\" decoding=\"async\" width=\"2560\" height=\"2560\" class=\"gb-media-4fc4cd08\" src=\"http:\/\/radiato.cluster027.hosting.ovh.net\/wp-content\/uploads\/2025\/08\/power-linteo-site-scaled.jpg\" title=\"power-linteo-site\" alt=\"\" srcset=\"https:\/\/radiatherm.be\/wp-content\/uploads\/2025\/08\/power-linteo-site-scaled.jpg 2560w, https:\/\/radiatherm.be\/wp-content\/uploads\/2025\/08\/power-linteo-site-300x300.jpg 300w, https:\/\/radiatherm.be\/wp-content\/uploads\/2025\/08\/power-linteo-site-1024x1024.jpg 1024w, https:\/\/radiatherm.be\/wp-content\/uploads\/2025\/08\/power-linteo-site-150x150.jpg 150w, https:\/\/radiatherm.be\/wp-content\/uploads\/2025\/08\/power-linteo-site-768x768.jpg 768w, https:\/\/radiatherm.be\/wp-content\/uploads\/2025\/08\/power-linteo-site-1536x1536.jpg 1536w, https:\/\/radiatherm.be\/wp-content\/uploads\/2025\/08\/power-linteo-site-2048x2048.jpg 2048w\" sizes=\"auto, (max-width: 2560px) 100vw, 2560px\" \/>\n<\/div>\n<\/div>\n\n\n\n<div class=\"gbp-section gb-element-1af6c038\">\n<div class=\"gbp-section__inner gb-element-b851b760\">\n<img loading=\"lazy\" decoding=\"async\" width=\"1596\" height=\"2358\" class=\"gb-media-770ab3c5\" src=\"http:\/\/radiato.cluster027.hosting.ovh.net\/wp-content\/uploads\/2025\/08\/linteo-power-site.png\" title=\"linteo-power-site\" alt=\"\" srcset=\"https:\/\/radiatherm.be\/wp-content\/uploads\/2025\/08\/linteo-power-site.png 1596w, https:\/\/radiatherm.be\/wp-content\/uploads\/2025\/08\/linteo-power-site-203x300.png 203w, https:\/\/radiatherm.be\/wp-content\/uploads\/2025\/08\/linteo-power-site-693x1024.png 693w, https:\/\/radiatherm.be\/wp-content\/uploads\/2025\/08\/linteo-power-site-768x1135.png 768w, https:\/\/radiatherm.be\/wp-content\/uploads\/2025\/08\/linteo-power-site-1040x1536.png 1040w, https:\/\/radiatherm.be\/wp-content\/uploads\/2025\/08\/linteo-power-site-1386x2048.png 1386w\" sizes=\"auto, (max-width: 1596px) 100vw, 1596px\" \/>\n\n\n\n<div class=\"gb-element-4e991c83\">\n<p class=\"gb-text gbp-section__text gb-text-98b3cdd5 translation-block\">Linteo Power is ideaal voor de badkamer en heeft speciaal ontworpen compartimenten om je handdoeken te drogen en te verwarmen. Een praktisch detail dat comfort en functionaliteit combineert, zonder in te leveren op esthetiek.<\/p>\n\n\n\n<p><\/p>\n\n\n\n<p class=\"has-accent-color has-text-color has-link-color wp-elements-d1ebbb8093dc152199d0eb52cc803682 translation-block\">Linteo Power is verkrijgbaar in diverse maten en afwerkingen en past in elk interieur. Het biedt de flexibiliteit van elektrische verwarming en de verfijning van een designradiator.<\/p>\n\n\n\n<p class=\"has-accent-color has-text-color has-link-color wp-elements-9cc9550eb2978e7900120a4926f88f39 translation-block\">Linteo Power is de vrijheid van elektriciteit, versterkt door de elegantie van Radiatherm.<\/p>\n\n\n\n<div class=\"gbp-section__inner gb-element-b819088a\">\n<img loading=\"lazy\" decoding=\"async\" width=\"212\" height=\"300\" class=\"gb-media-10329074\" src=\"http:\/\/radiato.cluster027.hosting.ovh.net\/wp-content\/uploads\/2025\/09\/2-catalogue-download-212x300.jpg\" title=\"2-catalogue-download\" alt=\"\" srcset=\"https:\/\/radiatherm.be\/wp-content\/uploads\/2025\/09\/2-catalogue-download-212x300.jpg 212w, https:\/\/radiatherm.be\/wp-content\/uploads\/2025\/09\/2-catalogue-download-724x1024.jpg 724w, https:\/\/radiatherm.be\/wp-content\/uploads\/2025\/09\/2-catalogue-download-768x1087.jpg 768w, https:\/\/radiatherm.be\/wp-content\/uploads\/2025\/09\/2-catalogue-download.jpg 848w\" sizes=\"auto, (max-width: 212px) 100vw, 212px\" \/>\n\n\n\n<div>\n<div class=\"gb-text gbp-section__text gb-text-fbccc250\">Radiatherm 2025 Catalogus<\/div>\n\n\n\n<div class=\"gb-element-d2ad75fe\">\n<a class=\"gb-text gb-text-f7e72345\" href=\"https:\/\/radiatherm.be\/wp-content\/uploads\/2025\/12\/catalogue-farko-site.pdf\">Download<\/a>\n<\/div>\n<\/div>\n<\/div>\n<\/div>\n<\/div>\n<\/div>\n\n\n\n<p><\/p>","protected":false},"excerpt":{"rendered":"<p>Radiateur Linteo Power La chaleur \u00e9lectrique en toute \u00e9l\u00e9gance Avec Linteo Power, Radiatherm ouvre la voie \u00e0 un confort moderne et flexible. Ce radiateur d\u00e9coratif 100 % \u00e9lectrique allie un design raffin\u00e9 \u00e0 la praticit\u00e9 d\u2019une commande simple et intuitive, pour un bien-\u00eatre ma\u00eetris\u00e9 au quotidien. Dot\u00e9 d\u2019une technologie de chauffage r\u00e9active, Linteo Power diffuse &#8230; <a title=\"Linteo Power\" class=\"read-more\" href=\"https:\/\/radiatherm.be\/nl\/home\/linteo-power\/\" aria-label=\"Lees meer over Linteo Power\">Read more<\/a><\/p>","protected":false},"author":1,"featured_media":0,"parent":39740,"menu_order":0,"comment_status":"closed","ping_status":"closed","template":"","meta":{"footnotes":""},"class_list":["post-48934","page","type-page","status-publish"],"_links":{"self":[{"href":"https:\/\/radiatherm.be\/nl\/wp-json\/wp\/v2\/pages\/48934","targetHints":{"allow":["GET"]}}],"collection":[{"href":"https:\/\/radiatherm.be\/nl\/wp-json\/wp\/v2\/pages"}],"about":[{"href":"https:\/\/radiatherm.be\/nl\/wp-json\/wp\/v2\/types\/page"}],"author":[{"embeddable":true,"href":"https:\/\/radiatherm.be\/nl\/wp-json\/wp\/v2\/users\/1"}],"replies":[{"embeddable":true,"href":"https:\/\/radiatherm.be\/nl\/wp-json\/wp\/v2\/comments?post=48934"}],"version-history":[{"count":16,"href":"https:\/\/radiatherm.be\/nl\/wp-json\/wp\/v2\/pages\/48934\/revisions"}],"predecessor-version":[{"id":49617,"href":"https:\/\/radiatherm.be\/nl\/wp-json\/wp\/v2\/pages\/48934\/revisions\/49617"}],"up":[{"embeddable":true,"href":"https:\/\/radiatherm.be\/nl\/wp-json\/wp\/v2\/pages\/39740"}],"wp:attachment":[{"href":"https:\/\/radiatherm.be\/nl\/wp-json\/wp\/v2\/media?parent=48934"}],"curies":[{"name":"wp","href":"https:\/\/api.w.org\/{rel}","templated":true}]}}