{"id":48932,"date":"2025-08-11T12:29:23","date_gmt":"2025-08-11T12:29:23","guid":{"rendered":"http:\/\/radiato.cluster027.hosting.ovh.net\/?page_id=48932"},"modified":"2025-12-10T14:24:14","modified_gmt":"2025-12-10T14:24:14","slug":"linteo","status":"publish","type":"page","link":"https:\/\/radiatherm.be\/nl\/home\/linteo\/","title":{"rendered":"Linteo"},"content":{"rendered":"<div class=\"gbp-section gb-element-1f043029\">\n<div class=\"gbp-section__inner gb-element-47cc5d8e\">\n<div class=\"gb-element-f19f8855\">\n<h1 class=\"gb-text gbp-section__headline gb-text-55057d0d\">Linteo radiator<\/h1>\n\n\n\n<p class=\"gb-text gb-text-bdf0ea15\"><strong>De essentie van comfort, naar een nieuw niveau getild<\/strong><\/p>\n\n\n\n<p class=\"gb-text gbp-section__text gb-text-ffb2139f translation-block\">Ontworpen om lang mee te gaan en gemaakt om indruk te maken, belichaamt de Linteo radiator de essentie van een functionele en stijlvolle badkamer. Met zijn strakke lijnen en compacte formaat voldoet hij perfect aan de eisen van moderne ruimtes waar esthetiek, prestaties en betrouwbaarheid hand in hand moeten gaan.<\/p>\n\n\n\n<p><\/p>\n\n\n\n<p class=\"has-accent-color has-text-color has-link-color wp-elements-55c73e31a83f97bfe777d70b643cf62f translation-block\">De uitgebalanceerde structuur \u2013 een combinatie van een verticaal D-vormig profiel en zorgvuldig geplaatste horizontale buizen \u2013 cre\u00ebert een vloeiend, homogeen en perfect geproportioneerd visueel effect. Linteo verwarmt niet alleen je kamer: het structureert de ruimte en voegt een elegante touch toe aan je dagelijks leven.<\/p>\n<\/div>\n\n\n\n<img loading=\"lazy\" decoding=\"async\" width=\"1946\" height=\"1946\" class=\"gb-media-4c4e1758\" src=\"http:\/\/radiato.cluster027.hosting.ovh.net\/wp-content\/uploads\/2025\/09\/linteo-corte-KIT.jpg\" title=\"linteo-corte-KIT\" alt=\"\" srcset=\"https:\/\/radiatherm.be\/wp-content\/uploads\/2025\/09\/linteo-corte-KIT.jpg 1946w, https:\/\/radiatherm.be\/wp-content\/uploads\/2025\/09\/linteo-corte-KIT-300x300.jpg 300w, https:\/\/radiatherm.be\/wp-content\/uploads\/2025\/09\/linteo-corte-KIT-1024x1024.jpg 1024w, https:\/\/radiatherm.be\/wp-content\/uploads\/2025\/09\/linteo-corte-KIT-150x150.jpg 150w, https:\/\/radiatherm.be\/wp-content\/uploads\/2025\/09\/linteo-corte-KIT-768x768.jpg 768w, https:\/\/radiatherm.be\/wp-content\/uploads\/2025\/09\/linteo-corte-KIT-1536x1536.jpg 1536w\" sizes=\"auto, (max-width: 1946px) 100vw, 1946px\" \/>\n<\/div>\n<\/div>\n\n\n\n<div class=\"gbp-section gb-element-fcf63268\">\n<div class=\"gbp-section__inner gb-element-97e83f65\">\n<img loading=\"lazy\" decoding=\"async\" width=\"2047\" height=\"2047\" class=\"gb-media-d68b2b8b\" src=\"http:\/\/radiato.cluster027.hosting.ovh.net\/wp-content\/uploads\/2025\/09\/linteo-noir-detail-KIT-copie.jpg\" title=\"linteo-noir-detail-KIT copie\" alt=\"\" srcset=\"https:\/\/radiatherm.be\/wp-content\/uploads\/2025\/09\/linteo-noir-detail-KIT-copie.jpg 2047w, https:\/\/radiatherm.be\/wp-content\/uploads\/2025\/09\/linteo-noir-detail-KIT-copie-300x300.jpg 300w, https:\/\/radiatherm.be\/wp-content\/uploads\/2025\/09\/linteo-noir-detail-KIT-copie-1024x1024.jpg 1024w, https:\/\/radiatherm.be\/wp-content\/uploads\/2025\/09\/linteo-noir-detail-KIT-copie-150x150.jpg 150w, https:\/\/radiatherm.be\/wp-content\/uploads\/2025\/09\/linteo-noir-detail-KIT-copie-768x768.jpg 768w, https:\/\/radiatherm.be\/wp-content\/uploads\/2025\/09\/linteo-noir-detail-KIT-copie-1536x1536.jpg 1536w\" sizes=\"auto, (max-width: 2047px) 100vw, 2047px\" \/>\n\n\n\n<div class=\"gb-element-f9a81af3\">\n<p class=\"gb-text gbp-section__text gb-text-51c23aa1 translation-block\">Dankzij de slimme middenaansluiting is hij zeer eenvoudig te installeren, zelfs in de meest krappe ruimtes. De hoge thermische respons zorgt voor snel comfort, terwijl de bewezen duurzaamheid hem tot een solide investering voor vele jaren maakt.<\/p>\n\n\n\n<p class=\"has-accent-color has-text-color has-link-color wp-elements-e55de006a6510debf2a72cfaae19e982 translation-block\"><br>Linteo is verkrijgbaar in een breed scala aan afmetingen, vermogens en afwerkingen en past zich aan alle stijlen en wensen aan, of het nu gaat om een \u200b\u200brenovatieproject of nieuwbouw.<\/p>\n\n\n\n<p class=\"has-accent-color has-text-color has-link-color wp-elements-57ad4c6e00e7aaa7108809beb1419067 translation-block\"><br>Linteo is de kunst om dingen eenvoudig te houden\u2026 met elegantie.<\/p>\n\n\n\n<div class=\"gbp-section__inner gb-element-c23edb83\">\n<img loading=\"lazy\" decoding=\"async\" width=\"212\" height=\"300\" class=\"gb-media-e8a41c2f\" src=\"http:\/\/radiato.cluster027.hosting.ovh.net\/wp-content\/uploads\/2025\/09\/2-catalogue-download-212x300.jpg\" title=\"2-catalogue-download\" alt=\"\" srcset=\"https:\/\/radiatherm.be\/wp-content\/uploads\/2025\/09\/2-catalogue-download-212x300.jpg 212w, https:\/\/radiatherm.be\/wp-content\/uploads\/2025\/09\/2-catalogue-download-724x1024.jpg 724w, https:\/\/radiatherm.be\/wp-content\/uploads\/2025\/09\/2-catalogue-download-768x1087.jpg 768w, https:\/\/radiatherm.be\/wp-content\/uploads\/2025\/09\/2-catalogue-download.jpg 848w\" sizes=\"auto, (max-width: 212px) 100vw, 212px\" \/>\n\n\n\n<div>\n<div class=\"gb-text gbp-section__text gb-text-6c1ac713\">Radiatherm 2025 Catalogus<\/div>\n\n\n\n<div class=\"gb-element-2b99b3bf\">\n<a class=\"gb-text gb-text-821b519a\" href=\"https:\/\/radiatherm.be\/wp-content\/uploads\/2025\/12\/catalogue-farko-site.pdf\">Download<\/a>\n<\/div>\n<\/div>\n<\/div>\n<\/div>\n<\/div>\n<\/div>\n\n\n\n<p><\/p>","protected":false},"excerpt":{"rendered":"<p>Radiateur Linteo L\u2019essentiel du confort, sublim\u00e9 Pens\u00e9 pour durer et con\u00e7u pour s\u00e9duire, le radiateur Linteo incarne l\u2019essence m\u00eame de la salle de bains fonctionnelle et design. Avec ses lignes \u00e9pur\u00e9es et sa compacit\u00e9, il r\u00e9pond parfaitement aux exigences des espaces contemporains o\u00f9 esth\u00e9tique, performance et fiabilit\u00e9 doivent coexister. Sa structure \u00e9quilibr\u00e9e \u2013 mariant un &#8230; <a title=\"Linteo\" class=\"read-more\" href=\"https:\/\/radiatherm.be\/nl\/home\/linteo\/\" aria-label=\"Lees meer over Linteo\">Read more<\/a><\/p>","protected":false},"author":1,"featured_media":0,"parent":39740,"menu_order":0,"comment_status":"closed","ping_status":"closed","template":"","meta":{"footnotes":""},"class_list":["post-48932","page","type-page","status-publish"],"_links":{"self":[{"href":"https:\/\/radiatherm.be\/nl\/wp-json\/wp\/v2\/pages\/48932","targetHints":{"allow":["GET"]}}],"collection":[{"href":"https:\/\/radiatherm.be\/nl\/wp-json\/wp\/v2\/pages"}],"about":[{"href":"https:\/\/radiatherm.be\/nl\/wp-json\/wp\/v2\/types\/page"}],"author":[{"embeddable":true,"href":"https:\/\/radiatherm.be\/nl\/wp-json\/wp\/v2\/users\/1"}],"replies":[{"embeddable":true,"href":"https:\/\/radiatherm.be\/nl\/wp-json\/wp\/v2\/comments?post=48932"}],"version-history":[{"count":16,"href":"https:\/\/radiatherm.be\/nl\/wp-json\/wp\/v2\/pages\/48932\/revisions"}],"predecessor-version":[{"id":49665,"href":"https:\/\/radiatherm.be\/nl\/wp-json\/wp\/v2\/pages\/48932\/revisions\/49665"}],"up":[{"embeddable":true,"href":"https:\/\/radiatherm.be\/nl\/wp-json\/wp\/v2\/pages\/39740"}],"wp:attachment":[{"href":"https:\/\/radiatherm.be\/nl\/wp-json\/wp\/v2\/media?parent=48932"}],"curies":[{"name":"wp","href":"https:\/\/api.w.org\/{rel}","templated":true}]}}