{"id":48929,"date":"2025-08-11T12:25:45","date_gmt":"2025-08-11T12:25:45","guid":{"rendered":"http:\/\/radiato.cluster027.hosting.ovh.net\/?page_id=48929"},"modified":"2025-12-10T14:23:01","modified_gmt":"2025-12-10T14:23:01","slug":"plano","status":"publish","type":"page","link":"https:\/\/radiatherm.be\/nl\/home\/plano\/","title":{"rendered":"Plano"},"content":{"rendered":"<div class=\"gbp-section gb-element-7578456c\">\n<div class=\"gbp-section__inner gb-element-36fd278b\">\n<div class=\"gb-element-2a5ce651\">\n<h1 class=\"gb-text gbp-section__headline gb-text-b22820c9\">Plano radiator<\/h1>\n\n\n\n<h2 class=\"wp-block-heading has-accent-2-color has-text-color has-link-color wp-elements-dd4ba4f76220f6f1271095a0edde839c\">Zuiverheid van lijnen, gecontroleerde kracht<\/h2>\n\n\n\n<p class=\"gb-text gbp-section__text gb-text-9b4d6781 translation-block\">Met Plano heeft Radiatherm een \u200b\u200buitzonderlijk exemplaar gecre\u00eberd waarbij eenvoud een bepalend kenmerk wordt. Ontworpen voor liefhebbers van minimalistisch design, valt deze radiator op door zijn perfect gladde, onversierde frontpaneel, dat discreet en elegant integreert in alle interieurstijlen \u2013 van de meest klassieke tot de meest eigentijdse.<\/p>\n\n\n\n<div class=\"gb-element-db96fd1c\"><\/div>\n<\/div>\n\n\n\n<img loading=\"lazy\" decoding=\"async\" width=\"2276\" height=\"2560\" class=\"gb-media-58fd6113\" src=\"http:\/\/radiato.cluster027.hosting.ovh.net\/wp-content\/uploads\/2025\/08\/plano-site-scaled.jpg\" title=\"plano-site\" alt=\"\" srcset=\"https:\/\/radiatherm.be\/wp-content\/uploads\/2025\/08\/plano-site-scaled.jpg 2276w, https:\/\/radiatherm.be\/wp-content\/uploads\/2025\/08\/plano-site-267x300.jpg 267w, https:\/\/radiatherm.be\/wp-content\/uploads\/2025\/08\/plano-site-910x1024.jpg 910w, https:\/\/radiatherm.be\/wp-content\/uploads\/2025\/08\/plano-site-768x864.jpg 768w, https:\/\/radiatherm.be\/wp-content\/uploads\/2025\/08\/plano-site-1365x1536.jpg 1365w, https:\/\/radiatherm.be\/wp-content\/uploads\/2025\/08\/plano-site-1820x2048.jpg 1820w\" sizes=\"auto, (max-width: 2276px) 100vw, 2276px\" \/>\n<\/div>\n<\/div>\n\n\n\n<div class=\"gbp-section gb-element-2abaa55b\">\n<div class=\"gbp-section__inner gb-element-6afdd72a\">\n<img loading=\"lazy\" decoding=\"async\" width=\"1000\" height=\"1328\" class=\"gb-media-104eeb15\" src=\"http:\/\/radiato.cluster027.hosting.ovh.net\/wp-content\/uploads\/2025\/08\/plano-site-2.jpg\" title=\"plano-site-2\" alt=\"\" srcset=\"https:\/\/radiatherm.be\/wp-content\/uploads\/2025\/08\/plano-site-2.jpg 1000w, https:\/\/radiatherm.be\/wp-content\/uploads\/2025\/08\/plano-site-2-226x300.jpg 226w, https:\/\/radiatherm.be\/wp-content\/uploads\/2025\/08\/plano-site-2-771x1024.jpg 771w, https:\/\/radiatherm.be\/wp-content\/uploads\/2025\/08\/plano-site-2-768x1020.jpg 768w\" sizes=\"auto, (max-width: 1000px) 100vw, 1000px\" \/>\n\n\n\n<div class=\"gb-element-edb8c780\">\n<p class=\"gb-text gbp-section__text gb-text-6e45691c translation-block\">De structuurlakafwerking, verkrijgbaar in diverse elegante tinten, geeft Plano een verfijnde textuur die zowel aangenaam is om te zien als om aan te raken. Deze hoogwaardige behandeling verbetert ook de duurzaamheid van de coating tegen tijd en vochtigheid.<\/p>\n\n\n\n<p class=\"gb-text gb-text-75bb7659\">Plano is verkrijgbaar als wandmodel of vrijstaand model en is in verschillende maten verkrijgbaar. Zo past het systeem perfect in elke ruimte, of het nu gaat om een \u200b\u200bminimalistische woonkamer, een eenvoudig kantoor of zelfs een badkamer dankzij de centrale aansluitmogelijkheden.<\/p>\n\n\n\n<p class=\"gb-text gb-text-cf87d585 translation-block\">Plano is d\u00e9 keuze voor prestaties in dienst van eenvoud. Zachte warmte in pure vorm.<\/p>\n\n\n\n<div class=\"gbp-section__inner gb-element-56c1badb\">\n<img loading=\"lazy\" decoding=\"async\" width=\"212\" height=\"300\" class=\"gb-media-0cba48f5\" src=\"http:\/\/radiato.cluster027.hosting.ovh.net\/wp-content\/uploads\/2025\/09\/2-catalogue-download-212x300.jpg\" title=\"2-catalogue-download\" alt=\"\" srcset=\"https:\/\/radiatherm.be\/wp-content\/uploads\/2025\/09\/2-catalogue-download-212x300.jpg 212w, https:\/\/radiatherm.be\/wp-content\/uploads\/2025\/09\/2-catalogue-download-724x1024.jpg 724w, https:\/\/radiatherm.be\/wp-content\/uploads\/2025\/09\/2-catalogue-download-768x1087.jpg 768w, https:\/\/radiatherm.be\/wp-content\/uploads\/2025\/09\/2-catalogue-download.jpg 848w\" sizes=\"auto, (max-width: 212px) 100vw, 212px\" \/>\n\n\n\n<div>\n<div class=\"gb-text gbp-section__text gb-text-1c5ba978\">Radiatherm 2025 Catalogus<\/div>\n\n\n\n<div class=\"gb-element-5afca980\">\n<a class=\"gb-text gb-text-b303b1ea\" href=\"https:\/\/radiatherm.be\/wp-content\/uploads\/2025\/12\/catalogue-farko-site.pdf\">Download<\/a>\n<\/div>\n<\/div>\n<\/div>\n<\/div>\n<\/div>\n<\/div>\n\n\n\n<p><\/p>","protected":false},"excerpt":{"rendered":"<p>Radiateur Plano Puret\u00e9 des lignes, puissance ma\u00eetris\u00e9e Avec Plano, Radiatherm signe une pi\u00e8ce d\u2019exception o\u00f9 la sobri\u00e9t\u00e9 devient un atout de caract\u00e8re. Pens\u00e9 pour les amateurs de design minimaliste, ce radiateur se distingue par son panneau frontal parfaitement lisse, sans ornements, qui s\u2019int\u00e8gre avec discr\u00e9tion et \u00e9l\u00e9gance \u00e0 tous les styles d\u2019int\u00e9rieur \u2013 du plus &#8230; <a title=\"Plano\" class=\"read-more\" href=\"https:\/\/radiatherm.be\/nl\/home\/plano\/\" aria-label=\"Lees meer over Plano\">Read more<\/a><\/p>","protected":false},"author":1,"featured_media":0,"parent":39740,"menu_order":0,"comment_status":"closed","ping_status":"closed","template":"","meta":{"footnotes":""},"class_list":["post-48929","page","type-page","status-publish"],"_links":{"self":[{"href":"https:\/\/radiatherm.be\/nl\/wp-json\/wp\/v2\/pages\/48929","targetHints":{"allow":["GET"]}}],"collection":[{"href":"https:\/\/radiatherm.be\/nl\/wp-json\/wp\/v2\/pages"}],"about":[{"href":"https:\/\/radiatherm.be\/nl\/wp-json\/wp\/v2\/types\/page"}],"author":[{"embeddable":true,"href":"https:\/\/radiatherm.be\/nl\/wp-json\/wp\/v2\/users\/1"}],"replies":[{"embeddable":true,"href":"https:\/\/radiatherm.be\/nl\/wp-json\/wp\/v2\/comments?post=48929"}],"version-history":[{"count":27,"href":"https:\/\/radiatherm.be\/nl\/wp-json\/wp\/v2\/pages\/48929\/revisions"}],"predecessor-version":[{"id":49662,"href":"https:\/\/radiatherm.be\/nl\/wp-json\/wp\/v2\/pages\/48929\/revisions\/49662"}],"up":[{"embeddable":true,"href":"https:\/\/radiatherm.be\/nl\/wp-json\/wp\/v2\/pages\/39740"}],"wp:attachment":[{"href":"https:\/\/radiatherm.be\/nl\/wp-json\/wp\/v2\/media?parent=48929"}],"curies":[{"name":"wp","href":"https:\/\/api.w.org\/{rel}","templated":true}]}}