{"id":48927,"date":"2025-08-11T12:24:30","date_gmt":"2025-08-11T12:24:30","guid":{"rendered":"http:\/\/radiato.cluster027.hosting.ovh.net\/?page_id=48927"},"modified":"2025-12-10T14:22:34","modified_gmt":"2025-12-10T14:22:34","slug":"evo","status":"publish","type":"page","link":"https:\/\/radiatherm.be\/nl\/home\/evo\/","title":{"rendered":"Evo"},"content":{"rendered":"<div class=\"gbp-section gb-element-a57b6952\">\n<div class=\"gbp-section__inner gb-element-f713b7fd\">\n<div class=\"gb-element-a1b28fb5\">\n<h1 class=\"gb-text gbp-section__headline gb-text-aeebfbac\">Evo radiator<\/h1>\n\n\n\n<p class=\"gb-text gb-text-f0761d8e\"><strong>Functionele elegantie opnieuw uitgevonden<\/strong><\/p>\n\n\n\n<p class=\"gb-text gbp-section__text gb-text-0cecbb40 translation-block\">De Evo radiator belichaamt de perfecte balans tussen thermische prestaties en esthetische verfijning. Het innovatieve ontwerp onderscheidt zich door een harmonieuze constructie: de buizen zijn in elkaar genest en vormen een vlak, doorlopend oppervlak zonder visuele onderbrekingen. Dit unieke concept geeft het Evo model een eigentijds en minimalistisch silhouet, ideaal voor moderne interieurs, zowel residentieel als commercieel.<\/p>\n<\/div>\n\n\n\n<img loading=\"lazy\" decoding=\"async\" width=\"2560\" height=\"2560\" class=\"gb-media-9d5b1ff5\" src=\"http:\/\/radiato.cluster027.hosting.ovh.net\/wp-content\/uploads\/2025\/08\/evo-site-scaled.jpg\" title=\"evo-site-radiatherm-radiateur\" alt=\"Evo - Radiatherm\" srcset=\"https:\/\/radiatherm.be\/wp-content\/uploads\/2025\/08\/evo-site-scaled.jpg 2560w, https:\/\/radiatherm.be\/wp-content\/uploads\/2025\/08\/evo-site-300x300.jpg 300w, https:\/\/radiatherm.be\/wp-content\/uploads\/2025\/08\/evo-site-1024x1024.jpg 1024w, https:\/\/radiatherm.be\/wp-content\/uploads\/2025\/08\/evo-site-150x150.jpg 150w, https:\/\/radiatherm.be\/wp-content\/uploads\/2025\/08\/evo-site-768x768.jpg 768w, https:\/\/radiatherm.be\/wp-content\/uploads\/2025\/08\/evo-site-1536x1536.jpg 1536w, https:\/\/radiatherm.be\/wp-content\/uploads\/2025\/08\/evo-site-2048x2048.jpg 2048w\" sizes=\"auto, (max-width: 2560px) 100vw, 2560px\" \/>\n<\/div>\n<\/div>\n\n\n\n<div class=\"gbp-section gb-element-3ec9200a\">\n<div class=\"gbp-section__inner gb-element-7c482b2c\">\n<img loading=\"lazy\" decoding=\"async\" width=\"2048\" height=\"2048\" class=\"gb-media-3f848d20\" src=\"http:\/\/radiato.cluster027.hosting.ovh.net\/wp-content\/uploads\/2025\/08\/evo-radiateur-design-blanc-mat.jpg\" title=\"evo-radiateur-design-blanc-mat\" alt=\"\" srcset=\"https:\/\/radiatherm.be\/wp-content\/uploads\/2025\/08\/evo-radiateur-design-blanc-mat.jpg 2048w, https:\/\/radiatherm.be\/wp-content\/uploads\/2025\/08\/evo-radiateur-design-blanc-mat-300x300.jpg 300w, https:\/\/radiatherm.be\/wp-content\/uploads\/2025\/08\/evo-radiateur-design-blanc-mat-1024x1024.jpg 1024w, https:\/\/radiatherm.be\/wp-content\/uploads\/2025\/08\/evo-radiateur-design-blanc-mat-150x150.jpg 150w, https:\/\/radiatherm.be\/wp-content\/uploads\/2025\/08\/evo-radiateur-design-blanc-mat-768x768.jpg 768w, https:\/\/radiatherm.be\/wp-content\/uploads\/2025\/08\/evo-radiateur-design-blanc-mat-1536x1536.jpg 1536w\" sizes=\"auto, (max-width: 2048px) 100vw, 2048px\" \/>\n\n\n\n<div class=\"gb-element-9bc07660\">\n<p class=\"gb-text gbp-section__text gb-text-bc5b61fe translation-block\">Elk detail is minutieus overwogen: de bevestigingen en accessoires zijn subtiel in de structuur ge\u00efntegreerd om de zuiverheid van de lijnen te behouden. Evo is meer dan alleen een warmteafgever: het is een waar decoratief element dat geavanceerde technologie combineert met hoogwaardige esthetiek.<\/p>\n\n\n\n<div class=\"gbp-section__inner gb-element-02d9292c\">\n<img loading=\"lazy\" decoding=\"async\" width=\"212\" height=\"300\" class=\"gb-media-790acbbd\" src=\"http:\/\/radiato.cluster027.hosting.ovh.net\/wp-content\/uploads\/2025\/09\/2-catalogue-download-212x300.jpg\" title=\"2-catalogue-download\" alt=\"\" srcset=\"https:\/\/radiatherm.be\/wp-content\/uploads\/2025\/09\/2-catalogue-download-212x300.jpg 212w, https:\/\/radiatherm.be\/wp-content\/uploads\/2025\/09\/2-catalogue-download-724x1024.jpg 724w, https:\/\/radiatherm.be\/wp-content\/uploads\/2025\/09\/2-catalogue-download-768x1087.jpg 768w, https:\/\/radiatherm.be\/wp-content\/uploads\/2025\/09\/2-catalogue-download.jpg 848w\" sizes=\"auto, (max-width: 212px) 100vw, 212px\" \/>\n\n\n\n<div>\n<div class=\"gb-text gbp-section__text gb-text-4e4fe8f9\">Radiatherm 2025 Catalogus<\/div>\n\n\n\n<div class=\"gb-element-5ddf4268\">\n<a class=\"gb-text gb-text-fc63cd63\" href=\"https:\/\/radiatherm.be\/wp-content\/uploads\/2025\/12\/catalogue-farko-site.pdf\">Download<\/a>\n<\/div>\n<\/div>\n<\/div>\n<\/div>\n<\/div>\n<\/div>\n\n\n\n<p><\/p>","protected":false},"excerpt":{"rendered":"<p>Radiateur Evo L\u2019\u00e9l\u00e9gance fonctionnelle repens\u00e9e Le radiateur Evo incarne l\u2019\u00e9quilibre parfait entre performance thermique et raffinement esth\u00e9tique. Son design innovant se distingue par une construction harmonieuse\u202f: les tubes sont ins\u00e9r\u00e9s les uns dans les autres, formant une surface plane et continue, sans rupture visuelle. Ce concept unique conf\u00e8re au mod\u00e8le Evo une silhouette contemporaine et &#8230; <a title=\"Evo\" class=\"read-more\" href=\"https:\/\/radiatherm.be\/nl\/home\/evo\/\" aria-label=\"Lees meer over Evo\">Read more<\/a><\/p>","protected":false},"author":1,"featured_media":0,"parent":39740,"menu_order":0,"comment_status":"closed","ping_status":"closed","template":"","meta":{"footnotes":""},"class_list":["post-48927","page","type-page","status-publish"],"_links":{"self":[{"href":"https:\/\/radiatherm.be\/nl\/wp-json\/wp\/v2\/pages\/48927","targetHints":{"allow":["GET"]}}],"collection":[{"href":"https:\/\/radiatherm.be\/nl\/wp-json\/wp\/v2\/pages"}],"about":[{"href":"https:\/\/radiatherm.be\/nl\/wp-json\/wp\/v2\/types\/page"}],"author":[{"embeddable":true,"href":"https:\/\/radiatherm.be\/nl\/wp-json\/wp\/v2\/users\/1"}],"replies":[{"embeddable":true,"href":"https:\/\/radiatherm.be\/nl\/wp-json\/wp\/v2\/comments?post=48927"}],"version-history":[{"count":52,"href":"https:\/\/radiatherm.be\/nl\/wp-json\/wp\/v2\/pages\/48927\/revisions"}],"predecessor-version":[{"id":49661,"href":"https:\/\/radiatherm.be\/nl\/wp-json\/wp\/v2\/pages\/48927\/revisions\/49661"}],"up":[{"embeddable":true,"href":"https:\/\/radiatherm.be\/nl\/wp-json\/wp\/v2\/pages\/39740"}],"wp:attachment":[{"href":"https:\/\/radiatherm.be\/nl\/wp-json\/wp\/v2\/media?parent=48927"}],"curies":[{"name":"wp","href":"https:\/\/api.w.org\/{rel}","templated":true}]}}