{"id":486,"date":"2023-08-07T14:08:32","date_gmt":"2023-08-07T14:08:32","guid":{"rendered":"https:\/\/business-one.local\/?page_id=486"},"modified":"2025-11-03T10:13:15","modified_gmt":"2025-11-03T10:13:15","slug":"contact","status":"publish","type":"page","link":"https:\/\/radiatherm.be\/nl\/home\/contact\/","title":{"rendered":"Contact"},"content":{"rendered":"<div class=\"gb-element-6f2161b4\">\n<div class=\"gb-element-9e45ac64\">\n<div class=\"gb-element-97d00ea8\">\n<div>\n<h1 class=\"gb-text gb-text-0969a12c\">Neem contact op met Radiatherm<\/h1>\n\n\n\n<h2 class=\"wp-block-heading has-accent-color has-text-color has-link-color wp-elements-a1082f53f4254226c8daa1e5b73c9367\">Wij luisteren naar u<\/h2>\n\n\n\n<p class=\"gb-text gb-text-57b00629 translation-block\">Wilt u meer weten over onze radiatoren, persoonlijk advies of een offerte aanvragen? Het team van Radiatherm staat klaar om al uw vragen te beantwoorden.<\/p>\n\n\n\n<p class=\"has-accent-color has-text-color has-link-color wp-elements-ff5cbbb3070415b591cf9ea4c222a137\">Vul het contactformulier in of neem direct contact met ons op via telefoon of e-mail. We helpen u graag bij het kiezen van de verwarmingsoplossing die het beste bij uw behoeften past.<\/p>\n\n\n\n<p class=\"has-accent-color has-text-color has-link-color wp-elements-728625b8b2167e2478adccec4810d097 translation-block\">Radiatherm, uw partner in comfort en design.<\/p>\n\n\n\n<p class=\"gb-text gb-text-1bb78133\">Sluit je bij ons aan!<\/p>\n\n\n\n<div class=\"gb-element-30076222\">\n<a class=\"gb-text-64914c7d\" href=\"#\" aria-label=\"Social media link\"><span class=\"gb-shape\"><svg xmlns=\"http:\/\/www.w3.org\/2000\/svg\" width=\"32\" height=\"32\" viewbox=\"0 0 256 256\"><path d=\"M128 80a48 48 0 1 0 48 48 48.05 48.05 0 0 0-48-48Zm0 72a24 24 0 1 1 24-24 24 24 0 0 1-24 24Zm48-132H80a60.07 60.07 0 0 0-60 60v96a60.07 60.07 0 0 0 60 60h96a60.07 60.07 0 0 0 60-60V80a60.07 60.07 0 0 0-60-60Zm36 156a36 36 0 0 1-36 36H80a36 36 0 0 1-36-36V80a36 36 0 0 1 36-36h96a36 36 0 0 1 36 36ZM196 76a16 16 0 1 1-16-16 16 16 0 0 1 16 16Z\"><\/path><\/svg><\/span><\/a>\n\n\n\n<a class=\"gb-text-e1d7770d\" href=\"#\" aria-label=\"Social media link\"><span class=\"gb-shape\"><svg xmlns=\"http:\/\/www.w3.org\/2000\/svg\" width=\"32\" height=\"32\" viewbox=\"0 0 256 256\"><path d=\"m170.49 117.91-56-36A12 12 0 0 0 96 92v72a12 12 0 0 0 18.49 10.09l56-36a12 12 0 0 0 0-20.18ZM120 142v-28l21.81 14Zm118.21-73.5a28.05 28.05 0 0 0-16.93-19.14C186.4 35.91 131.29 36 128 36s-58.4-.09-93.28 13.38a28.05 28.05 0 0 0-16.93 19.14C15.15 78.72 12 97.32 12 128s3.15 49.28 5.79 59.48a28.05 28.05 0 0 0 16.93 19.14C68.21 219.55 120.36 220 127.37 220h1.26c7 0 59.16-.45 92.65-13.38a28.05 28.05 0 0 0 16.93-19.14c2.64-10.2 5.79-28.8 5.79-59.48s-3.15-49.28-5.79-59.48ZM215 181.46a4 4 0 0 1-2.34 2.77C182.78 195.76 132.27 196 128.32 196h-.39c-.53 0-53.64.17-84.56-11.77a4 4 0 0 1-2.37-2.77c-1.88-7.24-5-23.82-5-53.46s3.15-46.22 5-53.46a4 4 0 0 1 2.34-2.77C74.29 59.83 127.39 60 127.92 60h.15c.54 0 53.64-.17 84.56 11.77a4 4 0 0 1 2.37 2.77c1.88 7.24 5 23.82 5 53.46s-3.15 46.22-5 53.46Z\"><\/path><\/svg><\/span><\/a>\n\n\n\n<a class=\"gb-text-28a39519\" href=\"#\" aria-label=\"Social media link\"><span class=\"gb-shape\"><svg xmlns=\"http:\/\/www.w3.org\/2000\/svg\" width=\"32\" height=\"32\" viewbox=\"0 0 256 256\"><path d=\"M128 20a108 108 0 1 0 108 108A108.12 108.12 0 0 0 128 20Zm12 191.13V156h20a12 12 0 0 0 0-24h-20v-20a12 12 0 0 1 12-12h16a12 12 0 0 0 0-24h-16a36 36 0 0 0-36 36v20H96a12 12 0 0 0 0 24h20v55.13a84 84 0 1 1 24 0Z\"><\/path><\/svg><\/span><\/a>\n\n\n\n<a class=\"gb-text-53f7578f\" href=\"#\" aria-label=\"Social media link\"><span class=\"gb-shape\"><svg xmlns=\"http:\/\/www.w3.org\/2000\/svg\" width=\"32\" height=\"32\" viewbox=\"0 0 256 256\"><path d=\"M216 20H40a20 20 0 0 0-20 20v176a20 20 0 0 0 20 20h176a20 20 0 0 0 20-20V40a20 20 0 0 0-20-20Zm-4 192H44V44h168Zm-100-36v-56a12 12 0 0 1 21.43-7.41A40 40 0 0 1 192 148v28a12 12 0 0 1-24 0v-28a16 16 0 0 0-32 0v28a12 12 0 0 1-24 0Zm-16-56v56a12 12 0 0 1-24 0v-56a12 12 0 0 1 24 0ZM68 80a16 16 0 1 1 16 16 16 16 0 0 1-16-16Z\"><\/path><\/svg><\/span><\/a>\n<\/div>\n\n\n\n<p><\/p>\n\n\n\n<p><\/p>\n\n\n\n<h2 class=\"wp-block-heading\"><strong>RADIATHERM<\/strong><\/h2>\n\n\n\n<p><a href=\"https:\/\/www.google.com\/maps\/place\/\/data=!4m2!3m1!1s0x47c3dd66607dbd89:0xf3335e198d52604e?sa=X&amp;ved=1t:8290&amp;ictx=111\">Rijksweg 15\/A,<\/a><\/p>\n\n\n\n<p><a href=\"https:\/\/www.google.com\/maps\/place\/\/data=!4m2!3m1!1s0x47c3dd66607dbd89:0xf3335e198d52604e?sa=X&amp;ved=1t:8290&amp;ictx=111\">2880 Bornem<\/a><\/p>\n<\/div>\n\n\n\n<div>\n<div class=\"gb-element-ff45c43f\">\n<div>\n<div class=\"wp-block-contact-form-7-contact-form-selector\">\n<div class=\"wpcf7 no-js\" id=\"wpcf7-f49426-o1\" lang=\"en-US\" dir=\"ltr\" data-wpcf7-id=\"49426\">\n<div class=\"screen-reader-response\"><p role=\"status\" aria-live=\"polite\" aria-atomic=\"true\"><\/p> <ul><\/ul><\/div>\n<form action=\"\/nl\/wp-json\/wp\/v2\/pages\/486#wpcf7-f49426-o1\" method=\"post\" class=\"wpcf7-form init\" aria-label=\"Contact form\" novalidate=\"novalidate\" data-status=\"init\" data-trp-original-action=\"\/nl\/wp-json\/wp\/v2\/pages\/486#wpcf7-f49426-o1\">\n<fieldset class=\"hidden-fields-container\"><input type=\"hidden\" name=\"_wpcf7\" value=\"49426\" \/><input type=\"hidden\" name=\"_wpcf7_version\" value=\"6.1.4\" \/><input type=\"hidden\" name=\"_wpcf7_locale\" value=\"en_US\" \/><input type=\"hidden\" name=\"_wpcf7_unit_tag\" value=\"wpcf7-f49426-o1\" \/><input type=\"hidden\" name=\"_wpcf7_container_post\" value=\"0\" \/><input type=\"hidden\" name=\"_wpcf7_posted_data_hash\" value=\"\" \/>\n<\/fieldset>\n<p><label> Naam<br \/>\n<span class=\"wpcf7-form-control-wrap\" data-name=\"your-name\"><input size=\"40\" maxlength=\"400\" class=\"wpcf7-form-control wpcf7-text wpcf7-validates-as-required\" autocomplete=\"name\" aria-required=\"true\" aria-invalid=\"false\" value=\"\" type=\"text\" name=\"your-name\" \/><\/span> <\/label>\n<\/p>\n<p><label> E-mailadres<br \/>\n<span class=\"wpcf7-form-control-wrap\" data-name=\"your-email\"><input size=\"40\" maxlength=\"400\" class=\"wpcf7-form-control wpcf7-email wpcf7-validates-as-required wpcf7-text wpcf7-validates-as-email\" autocomplete=\"email\" aria-required=\"true\" aria-invalid=\"false\" value=\"\" type=\"email\" name=\"your-email\" \/><\/span> <\/label>\n<\/p>\n<p><label> Onderwerp<br \/>\n<span class=\"wpcf7-form-control-wrap\" data-name=\"your-subject\"><input size=\"40\" maxlength=\"400\" class=\"wpcf7-form-control wpcf7-text wpcf7-validates-as-required\" aria-required=\"true\" aria-invalid=\"false\" value=\"\" type=\"text\" name=\"your-subject\" \/><\/span> <\/label>\n<\/p>\n<p><label> Bericht (optioneel)<br \/>\n<span class=\"wpcf7-form-control-wrap\" data-name=\"your-message\"><textarea cols=\"40\" rows=\"10\" maxlength=\"2000\" class=\"wpcf7-form-control wpcf7-textarea\" aria-invalid=\"false\" name=\"your-message\"><\/textarea><\/span> <\/label>\n<\/p>\n<p><input class=\"wpcf7-form-control wpcf7-submit has-spinner\" type=\"submit\" value=\"Versturen\" \/>\n<\/p><div class=\"wpcf7-response-output\" aria-hidden=\"true\"><\/div>\n<input type=\"hidden\" name=\"trp-form-language\" value=\"nl\"\/><\/form>\n<\/div>\n<\/div>\n<\/div>\n<\/div>\n<\/div>\n<\/div>\n<\/div>\n<\/div>\n\n\n\n<p><\/p>","protected":false},"excerpt":{"rendered":"<p>Contactez Radiatherm Nous sommes \u00e0 votre \u00e9coute Vous souhaitez en savoir plus sur nos radiateurs, obtenir un conseil personnalis\u00e9 ou demander une offre ? L\u2019\u00e9quipe Radiatherm est \u00e0 votre disposition pour r\u00e9pondre \u00e0 toutes vos questions. Remplissez le formulaire de contact ou joignez-nous directement par t\u00e9l\u00e9phone ou par e-mail. Nous vous accompagnons avec plaisir dans &#8230; <a title=\"Contact\" class=\"read-more\" href=\"https:\/\/radiatherm.be\/nl\/home\/contact\/\" aria-label=\"Lees meer over Contact\">Read more<\/a><\/p>","protected":false},"author":1,"featured_media":0,"parent":39740,"menu_order":0,"comment_status":"closed","ping_status":"closed","template":"","meta":{"footnotes":""},"class_list":["post-486","page","type-page","status-publish"],"_links":{"self":[{"href":"https:\/\/radiatherm.be\/nl\/wp-json\/wp\/v2\/pages\/486","targetHints":{"allow":["GET"]}}],"collection":[{"href":"https:\/\/radiatherm.be\/nl\/wp-json\/wp\/v2\/pages"}],"about":[{"href":"https:\/\/radiatherm.be\/nl\/wp-json\/wp\/v2\/types\/page"}],"author":[{"embeddable":true,"href":"https:\/\/radiatherm.be\/nl\/wp-json\/wp\/v2\/users\/1"}],"replies":[{"embeddable":true,"href":"https:\/\/radiatherm.be\/nl\/wp-json\/wp\/v2\/comments?post=486"}],"version-history":[{"count":11,"href":"https:\/\/radiatherm.be\/nl\/wp-json\/wp\/v2\/pages\/486\/revisions"}],"predecessor-version":[{"id":49623,"href":"https:\/\/radiatherm.be\/nl\/wp-json\/wp\/v2\/pages\/486\/revisions\/49623"}],"up":[{"embeddable":true,"href":"https:\/\/radiatherm.be\/nl\/wp-json\/wp\/v2\/pages\/39740"}],"wp:attachment":[{"href":"https:\/\/radiatherm.be\/nl\/wp-json\/wp\/v2\/media?parent=486"}],"curies":[{"name":"wp","href":"https:\/\/api.w.org\/{rel}","templated":true}]}}