{"id":43520,"date":"2024-11-30T16:51:30","date_gmt":"2024-11-30T16:51:30","guid":{"rendered":"https:\/\/sites.generatepress.com\/headline\/?page_id=43520"},"modified":"2025-11-03T09:50:42","modified_gmt":"2025-11-03T09:50:42","slug":"a-propos","status":"publish","type":"page","link":"https:\/\/radiatherm.be\/nl\/home\/a-propos\/","title":{"rendered":"Over"},"content":{"rendered":"<div class=\"gb-element-8ee28c68\">\n<div class=\"gb-element-b1432104\">\n<div class=\"gb-element-8b2bd6d9\">\n<div class=\"gb-element-8dd8e566\">\n<img loading=\"lazy\" decoding=\"async\" width=\"1379\" height=\"1800\" class=\"gb-media-babe8347\" src=\"http:\/\/radiato.cluster027.hosting.ovh.net\/wp-content\/uploads\/2025\/09\/a-propos-img.jpg\" alt=\"\" title=\"Young couple with tablet on sofa\" srcset=\"https:\/\/radiatherm.be\/wp-content\/uploads\/2025\/09\/a-propos-img.jpg 1379w, https:\/\/radiatherm.be\/wp-content\/uploads\/2025\/09\/a-propos-img-230x300.jpg 230w, https:\/\/radiatherm.be\/wp-content\/uploads\/2025\/09\/a-propos-img-784x1024.jpg 784w, https:\/\/radiatherm.be\/wp-content\/uploads\/2025\/09\/a-propos-img-768x1002.jpg 768w, https:\/\/radiatherm.be\/wp-content\/uploads\/2025\/09\/a-propos-img-1177x1536.jpg 1177w\" sizes=\"auto, (max-width: 1379px) 100vw, 1379px\" \/>\n<\/div>\n\n\n\n<div class=\"gb-element-5a501d39\">\n<h1 class=\"gb-text\">Radiatherm<\/h1>\n\n\n\n<h2 class=\"wp-block-heading\">Op maat gemaakte warmte, ontworpen om lang mee te gaan<\/h2>\n\n\n\n<p class=\"gb-text translation-block\">Radiatherm radiatoren bieden een perfecte balans tussen robuustheid, prestaties en betaalbaarheid. Ze zijn gemaakt van hoogwaardig staal en onderscheiden zich door hun bewezen betrouwbaarheid en uitstekende prijs-kwaliteitverhouding. Ze voldoen aan de behoeften van zowel particulieren als professionals.<\/p>\n\n\n\n<p class=\"translation-block\">Radiatherm radiatoren worden al jarenlang gewaardeerd door bouwers, architecten en installateurs en passen naadloos in zowel nieuwbouw- als renovatieprojecten. Hun ontwerp zorgt voor een optimale warmteverdeling, zelfs bij lagetemperatuurverwarmingssystemen, waardoor ze perfect compatibel zijn met huidige en duurzame energieoplossingen.<\/p>\n\n\n\n<p class=\"translation-block\">Met het oog op de toekomst ontwikkelt het merk voortdurend intelligente verbeteringen om nog effici\u00ebntere radiatoren aan te bieden, zonder extra kosten. Zo garanderen we dat onze producten vandaag al voldoen aan de normen van morgen op het gebied van comfort, energie-effici\u00ebntie en veiligheid.<\/p>\n\n\n\n<p class=\"translation-block\">Radiatherm garandeert een robuuste, zuinige en moderne radiator: een werkelijk betrouwbare keuze ter ondersteuning van uw comfort op de lange termijn.<\/p>\n<\/div>\n<\/div>\n<\/div>\n<\/div>","protected":false},"excerpt":{"rendered":"<p>Radiatherm La chaleur sur mesure, con\u00e7ue pour durer Les radiateurs Radiatherm, repr\u00e9sente un parfait \u00e9quilibre entre solidit\u00e9, performance et accessibilit\u00e9. R\u00e9alis\u00e9s en acier de haute qualit\u00e9, ils se distinguent par leur fiabilit\u00e9 \u00e9prouv\u00e9e et leur excellent rapport qualit\u00e9-prix, r\u00e9pondant aux attentes des foyers comme des professionnels. Pl\u00e9biscit\u00e9s depuis de longues ann\u00e9es par les constructeurs, architectes &#8230; <a title=\"Over\" class=\"read-more\" href=\"https:\/\/radiatherm.be\/nl\/home\/a-propos\/\" aria-label=\"Lees meer over A propos\">Read more<\/a><\/p>","protected":false},"author":1,"featured_media":0,"parent":39740,"menu_order":0,"comment_status":"closed","ping_status":"closed","template":"","meta":{"footnotes":""},"class_list":["post-43520","page","type-page","status-publish"],"_links":{"self":[{"href":"https:\/\/radiatherm.be\/nl\/wp-json\/wp\/v2\/pages\/43520","targetHints":{"allow":["GET"]}}],"collection":[{"href":"https:\/\/radiatherm.be\/nl\/wp-json\/wp\/v2\/pages"}],"about":[{"href":"https:\/\/radiatherm.be\/nl\/wp-json\/wp\/v2\/types\/page"}],"author":[{"embeddable":true,"href":"https:\/\/radiatherm.be\/nl\/wp-json\/wp\/v2\/users\/1"}],"replies":[{"embeddable":true,"href":"https:\/\/radiatherm.be\/nl\/wp-json\/wp\/v2\/comments?post=43520"}],"version-history":[{"count":7,"href":"https:\/\/radiatherm.be\/nl\/wp-json\/wp\/v2\/pages\/43520\/revisions"}],"predecessor-version":[{"id":49603,"href":"https:\/\/radiatherm.be\/nl\/wp-json\/wp\/v2\/pages\/43520\/revisions\/49603"}],"up":[{"embeddable":true,"href":"https:\/\/radiatherm.be\/nl\/wp-json\/wp\/v2\/pages\/39740"}],"wp:attachment":[{"href":"https:\/\/radiatherm.be\/nl\/wp-json\/wp\/v2\/media?parent=43520"}],"curies":[{"name":"wp","href":"https:\/\/api.w.org\/{rel}","templated":true}]}}