{"id":2,"date":"2025-07-24T08:40:29","date_gmt":"2025-07-24T08:40:29","guid":{"rendered":"http:\/\/radiato.cluster027.hosting.ovh.net\/?page_id=2"},"modified":"2025-12-10T14:23:25","modified_gmt":"2025-12-10T14:23:25","slug":"sueno","status":"publish","type":"page","link":"https:\/\/radiatherm.be\/nl\/home\/sueno\/","title":{"rendered":"Sueno"},"content":{"rendered":"<div class=\"gbp-section gb-element-9e769957\">\n<div class=\"gbp-section__inner gb-element-3ed01258\">\n<div class=\"gb-element-0169fd79\">\n<h1 class=\"gb-text gbp-section__headline gb-text-eb80c8ef\">Sueno radiator<\/h1>\n\n\n\n<p class=\"gb-text gb-text-c62d64de\"><strong>Verfijnd comfort voor elke dag<\/strong><\/p>\n\n\n\n<p class=\"gb-text gbp-section__text gb-text-8c488b1c translation-block\">De Sueno radiator is de ideale aanvulling op moderne badkamers. Compact, krachtig en elegant, hij belichaamt de perfecte combinatie van design, prestaties en duurzaamheid. Zijn tijdloze stijl maakt hem tot het ultieme instapmodel, al jaren geliefd vanwege zijn effici\u00ebntie en eenvoudige installatie.<\/p>\n<\/div>\n\n\n\n<img loading=\"lazy\" decoding=\"async\" width=\"2560\" height=\"2560\" class=\"gb-media-4e51241f\" src=\"http:\/\/radiato.cluster027.hosting.ovh.net\/wp-content\/uploads\/2025\/08\/sueno-site-scaled.jpg\" title=\"Bright elegant bathroom\" alt=\"\" srcset=\"https:\/\/radiatherm.be\/wp-content\/uploads\/2025\/08\/sueno-site-scaled.jpg 2560w, https:\/\/radiatherm.be\/wp-content\/uploads\/2025\/08\/sueno-site-300x300.jpg 300w, https:\/\/radiatherm.be\/wp-content\/uploads\/2025\/08\/sueno-site-1024x1024.jpg 1024w, https:\/\/radiatherm.be\/wp-content\/uploads\/2025\/08\/sueno-site-150x150.jpg 150w, https:\/\/radiatherm.be\/wp-content\/uploads\/2025\/08\/sueno-site-768x768.jpg 768w, https:\/\/radiatherm.be\/wp-content\/uploads\/2025\/08\/sueno-site-1536x1536.jpg 1536w, https:\/\/radiatherm.be\/wp-content\/uploads\/2025\/08\/sueno-site-2048x2048.jpg 2048w\" sizes=\"auto, (max-width: 2560px) 100vw, 2560px\" \/>\n<\/div>\n<\/div>\n\n\n\n<div class=\"gbp-section gb-element-6842f785\">\n<div class=\"gbp-section__inner gb-element-7129bfdc\">\n<img decoding=\"async\" class=\"gb-media-e7e4c3c7\" src=\"http:\/\/radiato.cluster027.hosting.ovh.net\/wp-content\/uploads\/2025\/08\/sueno-noir-site-2.png\" title=\"sueno-noir-site-2\" alt=\"\"\/>\n\n\n\n<div class=\"gb-element-ccdc3afa\">\n<p class=\"gb-text gbp-section__text gb-text-bbb7b854 translation-block\">Dankzij de slimme middenaansluiting vereenvoudigt Sueno de installatie, optimaliseert het de integratie in elke badkamerindeling en bespaart het kostbare ruimte. Dankzij de uitstekende thermische respons garandeert het een snelle temperatuurstijging en direct comfort, zelfs in de meest vochtige ruimtes.<\/p>\n\n\n\n<p class=\"gb-text gb-text-9cfbc5ed translation-block\"><br><strong>Sueno<\/strong> is de betrouwbare, elegante en functionele keuze om warmte om te zetten in dagelijks plezier.<\/p>\n\n\n\n<div class=\"gbp-section__inner gb-element-7c744b23\">\n<img loading=\"lazy\" decoding=\"async\" width=\"212\" height=\"300\" class=\"gb-media-3cfd9bd0\" src=\"http:\/\/radiato.cluster027.hosting.ovh.net\/wp-content\/uploads\/2025\/09\/2-catalogue-download-212x300.jpg\" title=\"2-catalogue-download\" alt=\"\" srcset=\"https:\/\/radiatherm.be\/wp-content\/uploads\/2025\/09\/2-catalogue-download-212x300.jpg 212w, https:\/\/radiatherm.be\/wp-content\/uploads\/2025\/09\/2-catalogue-download-724x1024.jpg 724w, https:\/\/radiatherm.be\/wp-content\/uploads\/2025\/09\/2-catalogue-download-768x1087.jpg 768w, https:\/\/radiatherm.be\/wp-content\/uploads\/2025\/09\/2-catalogue-download.jpg 848w\" sizes=\"auto, (max-width: 212px) 100vw, 212px\" \/>\n\n\n\n<div>\n<div class=\"gb-text gbp-section__text gb-text-e54082bd\">Radiatherm 2025 Catalogus<\/div>\n\n\n\n<div class=\"gb-element-9357441b\">\n<a class=\"gb-text gb-text-61fb24d1\" href=\"https:\/\/radiatherm.be\/wp-content\/uploads\/2025\/12\/catalogue-farko-site.pdf\">Download<\/a>\n<\/div>\n<\/div>\n<\/div>\n<\/div>\n<\/div>\n<\/div>\n\n\n\n<p><\/p>","protected":false},"excerpt":{"rendered":"<p>Radiateur Sueno Le confort raffin\u00e9 au quotidien Le radiateur Sueno est le compagnon id\u00e9al des salles de bains modernes. Compact, puissant et \u00e9l\u00e9gant, il incarne l\u2019alliance parfaite entre design, performance et durabilit\u00e9. Son style intemporel en fait le mod\u00e8le de base par excellence, adopt\u00e9 depuis des ann\u00e9es pour son efficacit\u00e9 et sa simplicit\u00e9 d&rsquo;installation. Dot\u00e9 &#8230; <a title=\"Sueno\" class=\"read-more\" href=\"https:\/\/radiatherm.be\/nl\/home\/sueno\/\" aria-label=\"Lees meer over Sueno\">Read more<\/a><\/p>","protected":false},"author":1,"featured_media":0,"parent":39740,"menu_order":0,"comment_status":"closed","ping_status":"closed","template":"","meta":{"footnotes":""},"class_list":["post-2","page","type-page","status-publish"],"_links":{"self":[{"href":"https:\/\/radiatherm.be\/nl\/wp-json\/wp\/v2\/pages\/2","targetHints":{"allow":["GET"]}}],"collection":[{"href":"https:\/\/radiatherm.be\/nl\/wp-json\/wp\/v2\/pages"}],"about":[{"href":"https:\/\/radiatherm.be\/nl\/wp-json\/wp\/v2\/types\/page"}],"author":[{"embeddable":true,"href":"https:\/\/radiatherm.be\/nl\/wp-json\/wp\/v2\/users\/1"}],"replies":[{"embeddable":true,"href":"https:\/\/radiatherm.be\/nl\/wp-json\/wp\/v2\/comments?post=2"}],"version-history":[{"count":16,"href":"https:\/\/radiatherm.be\/nl\/wp-json\/wp\/v2\/pages\/2\/revisions"}],"predecessor-version":[{"id":49663,"href":"https:\/\/radiatherm.be\/nl\/wp-json\/wp\/v2\/pages\/2\/revisions\/49663"}],"up":[{"embeddable":true,"href":"https:\/\/radiatherm.be\/nl\/wp-json\/wp\/v2\/pages\/39740"}],"wp:attachment":[{"href":"https:\/\/radiatherm.be\/nl\/wp-json\/wp\/v2\/media?parent=2"}],"curies":[{"name":"wp","href":"https:\/\/api.w.org\/{rel}","templated":true}]}}